{"id":21414,"date":"2026-03-02T11:32:34","date_gmt":"2026-03-02T10:32:34","guid":{"rendered":"https:\/\/www.pe-solution.de\/?page_id=21414"},"modified":"2026-03-02T12:38:49","modified_gmt":"2026-03-02T11:38:49","slug":"lia-bergler","status":"publish","type":"page","link":"https:\/\/www.pe-solution.de\/en\/team\/lia-bergler\/","title":{"rendered":"Lia Bergler"},"content":{"rendered":"<p>[et_pb_section fb_built=&#8221;1&#8243; specialty=&#8221;on&#8221; _builder_version=&#8221;4.27.4&#8243; _module_preset=&#8221;default&#8221; background_color=&#8221;#aa9c76&#8243; height=&#8221;50px&#8221; custom_margin=&#8221;0px||||false|false&#8221; border_color_top=&#8221;#dc2353&#8243; global_module=&#8221;17740&#8243; saved_tabs=&#8221;all&#8221; locked=&#8221;off&#8221; global_colors_info=&#8221;{}&#8221;][et_pb_column type=&#8221;1_2&#8243; specialty_columns=&#8221;2&#8243; _builder_version=&#8221;4.16&#8243; custom_padding=&#8221;|||&#8221; global_colors_info=&#8221;{}&#8221; custom_padding__hover=&#8221;|||&#8221;][et_pb_row_inner _builder_version=&#8221;4.16&#8243; _module_preset=&#8221;default&#8221; custom_margin=&#8221;-37px||||false|false&#8221; global_colors_info=&#8221;{}&#8221;][et_pb_column_inner saved_specialty_column_type=&#8221;1_2&#8243; _builder_version=&#8221;4.16&#8243; _module_preset=&#8221;default&#8221; global_colors_info=&#8221;{}&#8221;][et_pb_text disabled_on=&#8221;off|off|off&#8221; admin_label=&#8221;Text&#8221; module_id=&#8221;anfangbphilipp&#8221; _builder_version=&#8221;4.27.4&#8243; _module_preset=&#8221;default&#8221; header_text_color=&#8221;#FFFFFF&#8221; header_2_font=&#8221;|||on|||||&#8221; header_2_text_color=&#8221;#FFFFFF&#8221; header_2_font_size=&#8221;30px&#8221; header_2_line_height=&#8221;1.4em&#8221; custom_margin=&#8221;||-1px|||&#8221; global_colors_info=&#8221;{}&#8221;]<\/p>\n<h2>Consultant Profile <\/h2>\n<p>[\/et_pb_text][\/et_pb_column_inner][\/et_pb_row_inner][\/et_pb_column][et_pb_column type=&#8221;1_2&#8243; _builder_version=&#8221;4.16&#8243; custom_padding=&#8221;|||&#8221; global_colors_info=&#8221;{}&#8221; custom_padding__hover=&#8221;|||&#8221;][\/et_pb_column][\/et_pb_section][et_pb_section fb_built=&#8221;1&#8243; custom_padding_last_edited=&#8221;on|phone&#8221; _builder_version=&#8221;4.16&#8243; _module_preset=&#8221;default&#8221; background_color=&#8221;#FFFFFF&#8221; background_image=&#8221;https:\/\/www.pe-solution.de\/wp-content\/uploads\/2020\/06\/PE-Solution-B\u00fcro-Braunschweig.png&#8221; background_position=&#8221;top_left&#8221; height_tablet=&#8221;&#8221; height_phone=&#8221;&#8221; height_last_edited=&#8221;on|phone&#8221; custom_margin=&#8221;||||false|false&#8221; custom_margin_tablet=&#8221;&#8221; custom_margin_phone=&#8221;-12px||||false|false&#8221; custom_margin_last_edited=&#8221;on|phone&#8221; custom_padding_tablet=&#8221;&#8221; custom_padding_phone=&#8221;||0px||false|false&#8221; locked=&#8221;off&#8221; global_colors_info=&#8221;{}&#8221;][et_pb_row _builder_version=&#8221;4.16&#8243; _module_preset=&#8221;default&#8221; custom_padding=&#8221;||0px|||&#8221; global_colors_info=&#8221;{}&#8221;][et_pb_column type=&#8221;4_4&#8243; _builder_version=&#8221;4.16&#8243; _module_preset=&#8221;default&#8221; global_colors_info=&#8221;{}&#8221;][et_pb_image src=&#8221;https:\/\/www.pe-solution.de\/wp-content\/uploads\/2026\/03\/lia-bergler-pe-solution.webp&#8221; alt=&#8221;Lia Bergler \u2013 Consultant specializing in Assessment &#038; Development Centers, talent diagnostics and leadership development&#8221; title_text=&#8221;lia-bergler-pe-solution&#8221; show_bottom_space=&#8221;off&#8221; src_last_edited=&#8221;off|desktop&#8221; _builder_version=&#8221;4.27.5&#8243; _module_preset=&#8221;default&#8221; background_enable_color=&#8221;off&#8221; background_enable_image=&#8221;off&#8221; background_blend=&#8221;lighten&#8221; transform_translate_linked=&#8221;off&#8221; width_tablet=&#8221;&#8221; width_phone=&#8221;&#8221; width_last_edited=&#8221;on|phone&#8221; height=&#8221;370px&#8221; height_tablet=&#8221;300px&#8221; height_phone=&#8221;312px&#8221; height_last_edited=&#8221;on|phone&#8221; custom_padding=&#8221;||0px|||&#8221; animation_direction=&#8221;right&#8221; border_width_bottom=&#8221;0px&#8221; border_color_bottom=&#8221;#DC2353&#8243; locked=&#8221;off&#8221; global_colors_info=&#8221;{}&#8221;][\/et_pb_image][\/et_pb_column][\/et_pb_row][\/et_pb_section][et_pb_section fb_built=&#8221;1&#8243; _builder_version=&#8221;4.27.4&#8243; background_color=&#8221;rgba(0,0,0,0)&#8221; custom_margin=&#8221;||||false|false&#8221; border_color_top=&#8221;#dc2353&#8243; locked=&#8221;off&#8221; global_colors_info=&#8221;{}&#8221;][et_pb_row custom_padding_last_edited=&#8221;on|phone&#8221; _builder_version=&#8221;4.16&#8243; _module_preset=&#8221;default&#8221; custom_margin_tablet=&#8221;&#8221; custom_margin_phone=&#8221;-10px||||false|false&#8221; custom_margin_last_edited=&#8221;on|phone&#8221; custom_padding=&#8221;2px|||30px|false|false&#8221; custom_padding_tablet=&#8221;&#8221; custom_padding_phone=&#8221;0px|||0px|false|false&#8221; global_colors_info=&#8221;{}&#8221;][et_pb_column type=&#8221;4_4&#8243; _builder_version=&#8221;4.16&#8243; _module_preset=&#8221;default&#8221; global_colors_info=&#8221;{}&#8221;][et_pb_text _builder_version=&#8221;4.27.5&#8243; _module_preset=&#8221;default&#8221; header_font=&#8221;||||||||&#8221; header_text_color=&#8221;#C60440&#8243; header_font_size=&#8221;36px&#8221; header_2_font=&#8221;|||on|||||&#8221; header_2_text_color=&#8221;#DC2353&#8243; header_2_font_size=&#8221;30px&#8221; header_2_line_height=&#8221;1.4em&#8221; custom_margin=&#8221;||-1px|||&#8221; header_font_size_tablet=&#8221;30px&#8221; header_font_size_phone=&#8221;26px&#8221; header_font_size_last_edited=&#8221;on|phone&#8221; global_colors_info=&#8221;{}&#8221;]<\/p>\n<h1>Lia Bergler<\/h1>\n<p>[\/et_pb_text][et_pb_text _builder_version=&#8221;4.27.5&#8243; _module_preset=&#8221;default&#8221; header_font=&#8221;|600|||||||&#8221; header_2_font=&#8221;|600|||||||&#8221; header_2_text_color=&#8221;#333333&#8243; header_2_font_size=&#8221;22px&#8221; header_2_line_height=&#8221;1.4em&#8221; header_3_font=&#8221;|600|||||||&#8221; header_3_font_size=&#8221;18px&#8221; header_3_line_height=&#8221;1.4em&#8221; header_4_line_height=&#8221;1.4em&#8221; custom_margin=&#8221;0px||||false|false&#8221; custom_padding=&#8221;0px||||false|false&#8221; header_2_font_size_tablet=&#8221;22px&#8221; header_2_font_size_phone=&#8221;18px&#8221; header_2_font_size_last_edited=&#8221;on|phone&#8221; global_colors_info=&#8221;{}&#8221;]<\/p>\n<h2>Consultant<br \/>\nM.A. Leadership in Service Organizations<\/h2>\n<p>[\/et_pb_text][et_pb_text _builder_version=&#8221;4.27.5&#8243; _module_preset=&#8221;default&#8221; header_2_font=&#8221;|600|||||||&#8221; header_2_font_size=&#8221;22px&#8221; header_3_font=&#8221;||||||||&#8221; header_3_text_color=&#8221;#333333&#8243; header_3_font_size=&#8221;21px&#8221; hover_enabled=&#8221;0&#8243; header_3_font_size_tablet=&#8221;21px&#8221; header_3_font_size_phone=&#8221;18px&#8221; header_3_font_size_last_edited=&#8221;on|phone&#8221; custom_css_main_element=&#8221;ul li::marker, ||ol li::marker {||  color: #dc2353;||}&#8221; global_colors_info=&#8221;{}&#8221; sticky_enabled=&#8221;0&#8243;]<\/p>\n<h2>Areas of Expertise<\/h2>\n<ul style=\"list-style-type: square;\">\n<li>Design and delivery of <strong><a href=\"https:\/\/www.pe-solution.de\/en\/our-services\/assessment-center\/\">Assessment<\/a> <\/strong>and <strong><a href=\"https:\/\/www.pe-solution.de\/en\/our-services\/development-center\/\">Development Centers<\/a><\/strong><\/li>\n<li><span>Refl<em>ACTION<\/em><span class=\"reflaction-symbol\">\u00ae<\/span><\/span> Assessment and Development Centers (AC\/DC)<\/li>\n<li>New Work &amp; New Leadership<\/li>\n<\/ul>\n<p>[\/et_pb_text][et_pb_text _builder_version=&#8221;4.27.5&#8243; _module_preset=&#8221;default&#8221; header_2_font=&#8221;|600|||||||&#8221; header_2_font_size=&#8221;22px&#8221; header_3_font=&#8221;||||||||&#8221; header_3_text_color=&#8221;#333333&#8243; header_3_font_size=&#8221;21px&#8221; header_3_font_size_tablet=&#8221;21px&#8221; header_3_font_size_phone=&#8221;18px&#8221; header_3_font_size_last_edited=&#8221;on|phone&#8221; custom_css_main_element=&#8221;ul li::marker, ||ol li::marker {||  color: #dc2353;||}&#8221; global_colors_info=&#8221;{}&#8221;]<\/p>\n<h2>Professional experience<\/h2>\n<ul style=\"list-style-type: square;\">\n<li>Focus on aptitude diagnostics and the facilitation of development processes<\/li>\n<li>Experience in both in-person and virtual environments<\/li>\n<\/ul>\n<p>[\/et_pb_text][et_pb_text _builder_version=&#8221;4.27.5&#8243; _module_preset=&#8221;default&#8221; header_2_font=&#8221;|600|||||||&#8221; header_2_font_size=&#8221;22px&#8221; header_3_font=&#8221;||||||||&#8221; header_3_text_color=&#8221;#333333&#8243; header_3_font_size=&#8221;21px&#8221; header_3_font_size_tablet=&#8221;21px&#8221; header_3_font_size_phone=&#8221;18px&#8221; header_3_font_size_last_edited=&#8221;on|phone&#8221; custom_css_main_element=&#8221;ul li::marker, ||ol li::marker {||  color: #dc2353;||}&#8221; global_colors_info=&#8221;{}&#8221;]<\/p>\n<h2>Qualifications<\/h2>\n<ul style=\"list-style-type: square;\">\n<li>M.A. in Leadership in Service Organizations \u2028(Master\u2019s thesis: \u201cNew Work: Adaptability in Brick-and-Mortar Retail\u201d)<\/li>\n<li>B.A. in Tourism Management<\/li>\n<li>Key qualification: Change Management &amp; Digital Transformation (2025)<\/li>\n<li>International professional experience<\/li>\n<li>Cross-industry work experience, including city marketing, sustainability projects and SMEs<\/li>\n<li>Fluent in written and spoken English<\/li>\n<\/ul>\n<p>[\/et_pb_text][et_pb_text _builder_version=&#8221;4.27.5&#8243; _module_preset=&#8221;default&#8221; header_2_font=&#8221;|600|||||||&#8221; header_2_font_size=&#8221;22px&#8221; header_3_font=&#8221;||||||||&#8221; header_3_text_color=&#8221;#333333&#8243; header_3_font_size=&#8221;21px&#8221; custom_padding=&#8221;||22px|||&#8221; header_3_font_size_tablet=&#8221;21px&#8221; header_3_font_size_phone=&#8221;18px&#8221; header_3_font_size_last_edited=&#8221;on|phone&#8221; custom_css_main_element=&#8221;ul li::marker, ||ol li::marker {||  color: #dc2353;||}&#8221; global_colors_info=&#8221;{}&#8221;]<\/p>\n<h2>Consulting Philosophy<\/h2>\n<p>I am convinced that future-ready organizations intentionally shape leadership and collaboration in order to provide orientation, enable development, and foster long-term commitment. It is particularly important to me to focus on the individual, promote psychological empowerment, and strengthen people\u2019s sense of efficacy \u2014 always combined with a holistic understanding of organizational dynamics.<\/p>\n<p>In my professional work, I value clear and appreciative communication as well as collaboration on equal footing. I see change as an opportunity and as a shared process of co-creation, with the goal of establishing conditions in which people can realize their full potential and organizations can achieve sustainable success.<\/p>\n<p>[\/et_pb_text][\/et_pb_column][\/et_pb_row][et_pb_row _builder_version=&#8221;4.27.4&#8243; _module_preset=&#8221;default&#8221; global_module=&#8221;17966&#8243; saved_tabs=&#8221;all&#8221; locked=&#8221;off&#8221; global_colors_info=&#8221;{}&#8221;][et_pb_column type=&#8221;4_4&#8243; _builder_version=&#8221;4.27.4&#8243; _module_preset=&#8221;default&#8221; global_colors_info=&#8221;{}&#8221;][et_pb_blurb title=&#8221;Contact us&#8221; use_icon=&#8221;on&#8221; font_icon=&#8221;&#x77;||divi||400&#8243; icon_color=&#8221;#C60440&#8243; image_icon_background_color=&#8221;RGBA(255,255,255,0)&#8221; icon_placement=&#8221;left&#8221; content_max_width=&#8221;1100px&#8221; _builder_version=&#8221;4.27.4&#8243; _module_preset=&#8221;default&#8221; header_font=&#8221;|700|||||||&#8221; background_color=&#8221;#D6D6D6&#8243; background_enable_color=&#8221;off&#8221; custom_padding=&#8221;12px|20px|12px|20px|true|false&#8221; border_radii=&#8221;on|1px|1px|1px|1px&#8221; border_width_all=&#8221;1px&#8221; border_color_all=&#8221;#DC2353&#8243; global_colors_info=&#8221;{}&#8221;]<\/p>\n<p>Our <strong>experts in people and team development<\/strong>, as well as in competency training and workshop facilitation are here to support you. PE Solution provides tailored solutions in work and organizational psychology to help you successfully address your specific challenges.<\/p>\n<p><strong>Get in touch today<\/strong><br \/><strong><a href=\"tel:+49531120456789\" style=\"color: #dc2353;\">+49 531 120 456 789<\/a><\/strong> | <strong><a href=\"mailto:info@pe-solution.de\" style=\"color: #dc2353;\">info@pe-solution.de<\/a><\/strong> | <strong><a href=\"https:\/\/www.pe-solution.de\/en\/about-us\/#contactform\" style=\"color: #dc2353;\"> Contactform<\/a><\/strong><\/p>\n<p>[\/et_pb_blurb][et_pb_text _builder_version=&#8221;4.27.5&#8243; _module_preset=&#8221;default&#8221; global_colors_info=&#8221;{}&#8221;]<\/p>\n<p><strong><a href=\"https:\/\/www.pe-solution.de\/en\/team\/\">\u2190 Back to team<\/a><\/strong><\/p>\n<p>[\/et_pb_text][\/et_pb_column][\/et_pb_row][\/et_pb_section]<\/p>\n","protected":false},"excerpt":{"rendered":"<p>Consultant Profile Lia BerglerConsultant M.A. Leadership in Service OrganizationsAreas of Expertise Design and delivery of Assessment and Development Centers ReflACTION\u00ae Assessment and Development Centers (AC\/DC) New Work &amp; New Leadership Professional experience Focus on aptitude diagnostics and the facilitation of development processes Experience in both in-person and virtual environments Qualifications M.A. in Leadership in Service [&hellip;]<\/p>\n","protected":false},"author":2,"featured_media":21421,"parent":16811,"menu_order":0,"comment_status":"closed","ping_status":"closed","template":"","meta":{"_et_pb_use_builder":"on","_et_pb_old_content":"","_et_gb_content_width":"","footnotes":""},"class_list":["post-21414","page","type-page","status-publish","has-post-thumbnail","hentry"],"yoast_head":"<!-- This site is optimized with the Yoast SEO Premium plugin v27.4 (Yoast SEO v27.4) - https:\/\/yoast.com\/product\/yoast-seo-premium-wordpress\/ -->\n<title>Lia Bergler | PE Solution<\/title>\n<meta name=\"description\" content=\"Meet Lia Bergler \u2013 expert in Assessment Centers, organizational development and modern leadership approaches.\" \/>\n<meta name=\"robots\" content=\"index, follow, max-snippet:-1, max-image-preview:large, max-video-preview:-1\" \/>\n<link rel=\"canonical\" href=\"https:\/\/www.pe-solution.de\/en\/team\/lia-bergler\/\" \/>\n<meta property=\"og:locale\" content=\"en_US\" \/>\n<meta property=\"og:type\" content=\"article\" \/>\n<meta property=\"og:title\" content=\"Lia Bergler\" \/>\n<meta property=\"og:description\" content=\"Meet Lia Bergler \u2013 expert in Assessment Centers, organizational development and modern leadership approaches.\" \/>\n<meta property=\"og:url\" content=\"https:\/\/www.pe-solution.de\/en\/team\/lia-bergler\/\" \/>\n<meta property=\"og:site_name\" content=\"PE Solution\" \/>\n<meta property=\"article:publisher\" content=\"https:\/\/www.facebook.com\/PE-Solution-108011344893699\/\" \/>\n<meta property=\"article:modified_time\" content=\"2026-03-02T11:38:49+00:00\" \/>\n<meta property=\"og:image\" content=\"https:\/\/www.pe-solution.de\/wp-content\/uploads\/2026\/03\/lia-bergler-pe-solution.webp\" \/>\n\t<meta property=\"og:image:width\" content=\"888\" \/>\n\t<meta property=\"og:image:height\" content=\"947\" \/>\n\t<meta property=\"og:image:type\" content=\"image\/webp\" \/>\n<meta name=\"twitter:card\" content=\"summary_large_image\" \/>\n<meta name=\"twitter:label1\" content=\"Est. reading time\" \/>\n\t<meta name=\"twitter:data1\" content=\"3 minutes\" \/>\n<script type=\"application\/ld+json\" class=\"yoast-schema-graph\">{\"@context\":\"https:\\\/\\\/schema.org\",\"@graph\":[{\"@type\":\"WebPage\",\"@id\":\"https:\\\/\\\/www.pe-solution.de\\\/en\\\/team\\\/lia-bergler\\\/\",\"url\":\"https:\\\/\\\/www.pe-solution.de\\\/en\\\/team\\\/lia-bergler\\\/\",\"name\":\"Lia Bergler | PE Solution\",\"isPartOf\":{\"@id\":\"https:\\\/\\\/www.pe-solution.de\\\/en\\\/#website\"},\"primaryImageOfPage\":{\"@id\":\"https:\\\/\\\/www.pe-solution.de\\\/en\\\/team\\\/lia-bergler\\\/#primaryimage\"},\"image\":{\"@id\":\"https:\\\/\\\/www.pe-solution.de\\\/en\\\/team\\\/lia-bergler\\\/#primaryimage\"},\"thumbnailUrl\":\"https:\\\/\\\/www.pe-solution.de\\\/wp-content\\\/uploads\\\/2026\\\/03\\\/lia-bergler-pe-solution.webp\",\"datePublished\":\"2026-03-02T10:32:34+00:00\",\"dateModified\":\"2026-03-02T11:38:49+00:00\",\"description\":\"Meet Lia Bergler \u2013 expert in Assessment Centers, organizational development and modern leadership approaches.\",\"breadcrumb\":{\"@id\":\"https:\\\/\\\/www.pe-solution.de\\\/en\\\/team\\\/lia-bergler\\\/#breadcrumb\"},\"inLanguage\":\"en-US\",\"potentialAction\":[{\"@type\":\"ReadAction\",\"target\":[\"https:\\\/\\\/www.pe-solution.de\\\/en\\\/team\\\/lia-bergler\\\/\"]}]},{\"@type\":\"ImageObject\",\"inLanguage\":\"en-US\",\"@id\":\"https:\\\/\\\/www.pe-solution.de\\\/en\\\/team\\\/lia-bergler\\\/#primaryimage\",\"url\":\"https:\\\/\\\/www.pe-solution.de\\\/wp-content\\\/uploads\\\/2026\\\/03\\\/lia-bergler-pe-solution.webp\",\"contentUrl\":\"https:\\\/\\\/www.pe-solution.de\\\/wp-content\\\/uploads\\\/2026\\\/03\\\/lia-bergler-pe-solution.webp\",\"width\":888,\"height\":947,\"caption\":\"Lia Bergler \u2013 Consultant specializing in Assessment & Development Centers, talent diagnostics and leadership development\"},{\"@type\":\"BreadcrumbList\",\"@id\":\"https:\\\/\\\/www.pe-solution.de\\\/en\\\/team\\\/lia-bergler\\\/#breadcrumb\",\"itemListElement\":[{\"@type\":\"ListItem\",\"position\":1,\"name\":\"Startseite\",\"item\":\"https:\\\/\\\/www.pe-solution.de\\\/en\\\/\"},{\"@type\":\"ListItem\",\"position\":2,\"name\":\"Team\",\"item\":\"https:\\\/\\\/www.pe-solution.de\\\/en\\\/team\\\/\"},{\"@type\":\"ListItem\",\"position\":3,\"name\":\"Lia Bergler\"}]},{\"@type\":\"WebSite\",\"@id\":\"https:\\\/\\\/www.pe-solution.de\\\/en\\\/#website\",\"url\":\"https:\\\/\\\/www.pe-solution.de\\\/en\\\/\",\"name\":\"PE Solution\",\"description\":\"Psychologische Unternehmensberatung - Damit Menschen Gerne Arbeiten\",\"publisher\":{\"@id\":\"https:\\\/\\\/www.pe-solution.de\\\/en\\\/#organization\"},\"potentialAction\":[{\"@type\":\"SearchAction\",\"target\":{\"@type\":\"EntryPoint\",\"urlTemplate\":\"https:\\\/\\\/www.pe-solution.de\\\/en\\\/?s={search_term_string}\"},\"query-input\":{\"@type\":\"PropertyValueSpecification\",\"valueRequired\":true,\"valueName\":\"search_term_string\"}}],\"inLanguage\":\"en-US\"},{\"@type\":\"Organization\",\"@id\":\"https:\\\/\\\/www.pe-solution.de\\\/en\\\/#organization\",\"name\":\"PE Solution Dipl.-Psychologen und beratender Betriebswirt, Dr. Selck und Partner\",\"alternateName\":\"PE Solution\",\"url\":\"https:\\\/\\\/www.pe-solution.de\\\/en\\\/\",\"logo\":{\"@type\":\"ImageObject\",\"inLanguage\":\"en-US\",\"@id\":\"https:\\\/\\\/www.pe-solution.de\\\/en\\\/#\\\/schema\\\/logo\\\/image\\\/\",\"url\":\"https:\\\/\\\/www.pe-solution.de\\\/wp-content\\\/uploads\\\/2023\\\/06\\\/221010_pes_logo_zusatz_rot-grau_digital_L.png\",\"contentUrl\":\"https:\\\/\\\/www.pe-solution.de\\\/wp-content\\\/uploads\\\/2023\\\/06\\\/221010_pes_logo_zusatz_rot-grau_digital_L.png\",\"width\":1181,\"height\":328,\"caption\":\"PE Solution Dipl.-Psychologen und beratender Betriebswirt, Dr. Selck und Partner\"},\"image\":{\"@id\":\"https:\\\/\\\/www.pe-solution.de\\\/en\\\/#\\\/schema\\\/logo\\\/image\\\/\"},\"sameAs\":[\"https:\\\/\\\/www.facebook.com\\\/PE-Solution-108011344893699\\\/\",\"https:\\\/\\\/www.linkedin.com\\\/company\\\/pe-solution\\\/\",\"https:\\\/\\\/www.instagram.com\\\/pe_solution\\\/\"],\"description\":\"PE Solution ist eine psychologische Unternehmensberatung mit einem interdisziplin\u00e4ren Team. Wir unterst\u00fctzen Unternehmen bei F\u00fchrung, Zusammenarbeit, Change-Prozessen sowie Organisations- und Prozessentwicklung.\",\"email\":\"info@pe-solution.de\",\"telephone\":\"0531120456789\",\"legalName\":\"PE Solution Dipl.-Psychologen und beratender Betriebswirt, Dr. Selck und Partner\",\"vatID\":\"DE 232 366 651\",\"numberOfEmployees\":{\"@type\":\"QuantitativeValue\",\"minValue\":\"11\",\"maxValue\":\"50\"}}]}<\/script>\n<!-- \/ Yoast SEO Premium plugin. -->","yoast_head_json":{"title":"Lia Bergler | PE Solution","description":"Meet Lia Bergler \u2013 expert in Assessment Centers, organizational development and modern leadership approaches.","robots":{"index":"index","follow":"follow","max-snippet":"max-snippet:-1","max-image-preview":"max-image-preview:large","max-video-preview":"max-video-preview:-1"},"canonical":"https:\/\/www.pe-solution.de\/en\/team\/lia-bergler\/","og_locale":"en_US","og_type":"article","og_title":"Lia Bergler","og_description":"Meet Lia Bergler \u2013 expert in Assessment Centers, organizational development and modern leadership approaches.","og_url":"https:\/\/www.pe-solution.de\/en\/team\/lia-bergler\/","og_site_name":"PE Solution","article_publisher":"https:\/\/www.facebook.com\/PE-Solution-108011344893699\/","article_modified_time":"2026-03-02T11:38:49+00:00","og_image":[{"width":888,"height":947,"url":"https:\/\/www.pe-solution.de\/wp-content\/uploads\/2026\/03\/lia-bergler-pe-solution.webp","type":"image\/webp"}],"twitter_card":"summary_large_image","twitter_misc":{"Est. reading time":"3 minutes"},"schema":{"@context":"https:\/\/schema.org","@graph":[{"@type":"WebPage","@id":"https:\/\/www.pe-solution.de\/en\/team\/lia-bergler\/","url":"https:\/\/www.pe-solution.de\/en\/team\/lia-bergler\/","name":"Lia Bergler | PE Solution","isPartOf":{"@id":"https:\/\/www.pe-solution.de\/en\/#website"},"primaryImageOfPage":{"@id":"https:\/\/www.pe-solution.de\/en\/team\/lia-bergler\/#primaryimage"},"image":{"@id":"https:\/\/www.pe-solution.de\/en\/team\/lia-bergler\/#primaryimage"},"thumbnailUrl":"https:\/\/www.pe-solution.de\/wp-content\/uploads\/2026\/03\/lia-bergler-pe-solution.webp","datePublished":"2026-03-02T10:32:34+00:00","dateModified":"2026-03-02T11:38:49+00:00","description":"Meet Lia Bergler \u2013 expert in Assessment Centers, organizational development and modern leadership approaches.","breadcrumb":{"@id":"https:\/\/www.pe-solution.de\/en\/team\/lia-bergler\/#breadcrumb"},"inLanguage":"en-US","potentialAction":[{"@type":"ReadAction","target":["https:\/\/www.pe-solution.de\/en\/team\/lia-bergler\/"]}]},{"@type":"ImageObject","inLanguage":"en-US","@id":"https:\/\/www.pe-solution.de\/en\/team\/lia-bergler\/#primaryimage","url":"https:\/\/www.pe-solution.de\/wp-content\/uploads\/2026\/03\/lia-bergler-pe-solution.webp","contentUrl":"https:\/\/www.pe-solution.de\/wp-content\/uploads\/2026\/03\/lia-bergler-pe-solution.webp","width":888,"height":947,"caption":"Lia Bergler \u2013 Consultant specializing in Assessment & Development Centers, talent diagnostics and leadership development"},{"@type":"BreadcrumbList","@id":"https:\/\/www.pe-solution.de\/en\/team\/lia-bergler\/#breadcrumb","itemListElement":[{"@type":"ListItem","position":1,"name":"Startseite","item":"https:\/\/www.pe-solution.de\/en\/"},{"@type":"ListItem","position":2,"name":"Team","item":"https:\/\/www.pe-solution.de\/en\/team\/"},{"@type":"ListItem","position":3,"name":"Lia Bergler"}]},{"@type":"WebSite","@id":"https:\/\/www.pe-solution.de\/en\/#website","url":"https:\/\/www.pe-solution.de\/en\/","name":"PE Solution","description":"Psychologische Unternehmensberatung - Damit Menschen Gerne Arbeiten","publisher":{"@id":"https:\/\/www.pe-solution.de\/en\/#organization"},"potentialAction":[{"@type":"SearchAction","target":{"@type":"EntryPoint","urlTemplate":"https:\/\/www.pe-solution.de\/en\/?s={search_term_string}"},"query-input":{"@type":"PropertyValueSpecification","valueRequired":true,"valueName":"search_term_string"}}],"inLanguage":"en-US"},{"@type":"Organization","@id":"https:\/\/www.pe-solution.de\/en\/#organization","name":"PE Solution Dipl.-Psychologen und beratender Betriebswirt, Dr. Selck und Partner","alternateName":"PE Solution","url":"https:\/\/www.pe-solution.de\/en\/","logo":{"@type":"ImageObject","inLanguage":"en-US","@id":"https:\/\/www.pe-solution.de\/en\/#\/schema\/logo\/image\/","url":"https:\/\/www.pe-solution.de\/wp-content\/uploads\/2023\/06\/221010_pes_logo_zusatz_rot-grau_digital_L.png","contentUrl":"https:\/\/www.pe-solution.de\/wp-content\/uploads\/2023\/06\/221010_pes_logo_zusatz_rot-grau_digital_L.png","width":1181,"height":328,"caption":"PE Solution Dipl.-Psychologen und beratender Betriebswirt, Dr. Selck und Partner"},"image":{"@id":"https:\/\/www.pe-solution.de\/en\/#\/schema\/logo\/image\/"},"sameAs":["https:\/\/www.facebook.com\/PE-Solution-108011344893699\/","https:\/\/www.linkedin.com\/company\/pe-solution\/","https:\/\/www.instagram.com\/pe_solution\/"],"description":"PE Solution ist eine psychologische Unternehmensberatung mit einem interdisziplin\u00e4ren Team. Wir unterst\u00fctzen Unternehmen bei F\u00fchrung, Zusammenarbeit, Change-Prozessen sowie Organisations- und Prozessentwicklung.","email":"info@pe-solution.de","telephone":"0531120456789","legalName":"PE Solution Dipl.-Psychologen und beratender Betriebswirt, Dr. Selck und Partner","vatID":"DE 232 366 651","numberOfEmployees":{"@type":"QuantitativeValue","minValue":"11","maxValue":"50"}}]}},"_links":{"self":[{"href":"https:\/\/www.pe-solution.de\/en\/wp-json\/wp\/v2\/pages\/21414","targetHints":{"allow":["GET"]}}],"collection":[{"href":"https:\/\/www.pe-solution.de\/en\/wp-json\/wp\/v2\/pages"}],"about":[{"href":"https:\/\/www.pe-solution.de\/en\/wp-json\/wp\/v2\/types\/page"}],"author":[{"embeddable":true,"href":"https:\/\/www.pe-solution.de\/en\/wp-json\/wp\/v2\/users\/2"}],"replies":[{"embeddable":true,"href":"https:\/\/www.pe-solution.de\/en\/wp-json\/wp\/v2\/comments?post=21414"}],"version-history":[{"count":0,"href":"https:\/\/www.pe-solution.de\/en\/wp-json\/wp\/v2\/pages\/21414\/revisions"}],"up":[{"embeddable":true,"href":"https:\/\/www.pe-solution.de\/en\/wp-json\/wp\/v2\/pages\/16811"}],"wp:featuredmedia":[{"embeddable":true,"href":"https:\/\/www.pe-solution.de\/en\/wp-json\/wp\/v2\/media\/21421"}],"wp:attachment":[{"href":"https:\/\/www.pe-solution.de\/en\/wp-json\/wp\/v2\/media?parent=21414"}],"curies":[{"name":"wp","href":"https:\/\/api.w.org\/{rel}","templated":true}]}}