{"id":17610,"date":"2025-10-29T12:04:00","date_gmt":"2025-10-29T11:04:00","guid":{"rendered":"https:\/\/www.pe-solution.de\/?page_id=17610"},"modified":"2025-12-05T10:35:34","modified_gmt":"2025-12-05T09:35:34","slug":"self-leadership","status":"publish","type":"page","link":"https:\/\/www.pe-solution.de\/en\/our-services\/self-leadership\/","title":{"rendered":"Self-Leadership"},"content":{"rendered":"<p>[et_pb_section fb_built=&#8221;1&#8243; fullwidth=&#8221;on&#8221; _builder_version=&#8221;4.27.4&#8243; _module_preset=&#8221;default&#8221; locked=&#8221;off&#8221; global_colors_info=&#8221;{}&#8221; theme_builder_area=&#8221;post_content&#8221;][et_pb_fullwidth_image src=&#8221;https:\/\/www.pe-solution.de\/wp-content\/uploads\/2020\/03\/selbstfuehrung_pe-solution.jpg&#8221; alt=&#8221;Das Bild zeigt mehrere Athleten, die an einem H\u00fcrdenlauf teilnehmen. Im Vordergrund sieht man einen L\u00e4ufer, der gerade \u00fcber eine H\u00fcrde springt, w\u00e4hrend weitere Teilnehmer im Hintergrund zu sehen sind, die ebenfalls \u00fcber H\u00fcrden springen oder sich darauf vorbereiten. Die Szene spielt sich auf einer Leichtathletikbahn ab, die mit typischen roten Belag versehen ist. Die Athleten tragen sportliche Kleidung und Startnummern, und es herrscht eine dynamische, wettkampforientierte Atmosph\u00e4re.&#8221; title_text=&#8221;assessmentcenter_pe-solution_huerdenlauf&#8221; _builder_version=&#8221;4.27.4&#8243; _module_preset=&#8221;default&#8221; global_colors_info=&#8221;{}&#8221; theme_builder_area=&#8221;post_content&#8221;][\/et_pb_fullwidth_image][\/et_pb_section][et_pb_section fb_built=&#8221;1&#8243; _builder_version=&#8221;4.16&#8243; background_color=&#8221;#d6d6d6&#8243; global_colors_info=&#8221;{}&#8221; locked=&#8221;off&#8221; theme_builder_area=&#8221;post_content&#8221;][et_pb_row _builder_version=&#8221;4.27.4&#8243; background_color=&#8221;#ffffff&#8221; custom_padding=&#8221;0px||||false|false&#8221; hover_enabled=&#8221;0&#8243; global_colors_info=&#8221;{}&#8221; sticky_enabled=&#8221;0&#8243; theme_builder_area=&#8221;post_content&#8221;][et_pb_column type=&#8221;4_4&#8243; _builder_version=&#8221;4.16&#8243; global_colors_info=&#8221;{}&#8221; theme_builder_area=&#8221;post_content&#8221;][et_pb_text disabled_on=&#8221;off|off|off&#8221; _builder_version=&#8221;4.27.4&#8243; text_text_color=&#8221;#ffffff&#8221; header_font=&#8221;|600||on|||||&#8221; header_text_color=&#8221;#ffffff&#8221; header_font_size=&#8221;36px&#8221; header_line_height=&#8221;1.2em&#8221; background_color=&#8221;#AA9C76&#8243; custom_margin=&#8221;0px||||false|false&#8221; custom_padding=&#8221;7px||||false|false&#8221; hover_enabled=&#8221;0&#8243; header_font_size_tablet=&#8221;30px&#8221; header_font_size_phone=&#8221;26px&#8221; header_font_size_last_edited=&#8221;on|desktop&#8221; global_colors_info=&#8221;{}&#8221; sticky_enabled=&#8221;0&#8243; locked=&#8221;off&#8221; theme_builder_area=&#8221;post_content&#8221;]<\/p>\n<h1 style=\"text-align: center;\">Self-Leadership<\/h1>\n<p>[\/et_pb_text][et_pb_text _builder_version=&#8221;4.27.4&#8243; header_3_font=&#8221;||||||||&#8221; header_3_line_height=&#8221;1.4em&#8221; text_orientation=&#8221;justified&#8221; custom_margin=&#8221;||14px|||&#8221; custom_padding=&#8221;0px|30px|0px|30px|false|false&#8221; hover_enabled=&#8221;0&#8243; header_3_text_align_tablet=&#8221;&#8221; header_3_text_align_phone=&#8221;left&#8221; header_3_text_align_last_edited=&#8221;on|phone&#8221; header_3_font_size_tablet=&#8221;&#8221; header_3_font_size_phone=&#8221;16px&#8221; header_3_font_size_last_edited=&#8221;on|phone&#8221; global_colors_info=&#8221;{}&#8221; text_font=&#8221;|700|||||||&#8221; sticky_enabled=&#8221;0&#8243; theme_builder_area=&#8221;post_content&#8221;]We build self-leadership that turns reflection into action.<br \/>\nSelf-leadership is the capability to steer how you think, feel and act so that you actually achieve your goals \u2014 through purposeful self-reflection and self-organisation. Our ReflACTION\u00ae approach combines long-standing practice with insights from neuroleadership, mindfulness research and positive psychology.[\/et_pb_text][et_pb_text disabled_on=&#8221;off|off|off&#8221; _builder_version=&#8221;4.27.4&#8243; header_text_align=&#8221;center&#8221; header_text_color=&#8221;#0d8cd6&#8243; header_line_height=&#8221;1.4em&#8221; custom_padding=&#8221;|30px||30px|false|false&#8221; header_font_size_tablet=&#8221;&#8221; header_font_size_phone=&#8221;20px&#8221; header_font_size_last_edited=&#8221;on|phone&#8221; global_colors_info=&#8221;{}&#8221; text_text_color=&#8221;#0d8cd6&#8243; header_2_font=&#8221;|600|||||||&#8221; header_2_text_color=&#8221;#C60440&#8243; header_2_font_size=&#8221;28px&#8221; header_2_font_size_tablet=&#8221;24px&#8221; header_2_font_size_phone=&#8221;22px&#8221; header_2_font_size_last_edited=&#8221;on|phone&#8221; header_2_line_height=&#8221;1.3em&#8221; hover_enabled=&#8221;0&#8243; sticky_enabled=&#8221;0&#8243; theme_builder_area=&#8221;post_content&#8221;]<\/p>\n<h2 style=\"text-align: center;\">When it\u2019s worth working on self-leadership<\/h2>\n<p>[\/et_pb_text][et_pb_text disabled_on=&#8221;off|off|off&#8221; _builder_version=&#8221;4.27.4&#8243; header_3_font=&#8221;||on||||||&#8221; header_3_text_align=&#8221;center&#8221; header_3_line_height=&#8221;1.4em&#8221; text_orientation=&#8221;justified&#8221; custom_margin=&#8221;|30px|30px|30px|false|false&#8221; custom_margin_tablet=&#8221;|30px|0px|30px|false|false&#8221; custom_margin_phone=&#8221;|30px|0px|30px|false|false&#8221; custom_margin_last_edited=&#8221;on|phone&#8221; custom_padding=&#8221;15px|20px|20px|20px|false|false&#8221; custom_padding_tablet=&#8221;&#8221; custom_padding_phone=&#8221;15px|20px|20px|20px|false|false&#8221; custom_padding_last_edited=&#8221;on|desktop&#8221; hover_enabled=&#8221;0&#8243; header_3_font_size_tablet=&#8221;&#8221; header_3_font_size_phone=&#8221;16px&#8221; header_3_font_size_last_edited=&#8221;on|phone&#8221; border_width_all=&#8221;1px&#8221; locked=&#8221;off&#8221; global_colors_info=&#8221;{}&#8221; sticky_enabled=&#8221;0&#8243; theme_builder_area=&#8221;post_content&#8221;]\u201cI feel stressed and under time pressure. I work longer than before, yet I\u2019m less focused and productive. It keeps getting worse \u2014 what can I do?\u201d<\/p>\n<p><span style=\"color: #dc2353;\">That\u2019s a typical starting point for a <span><strong>Refl<em>ACTION<\/em><span class=\"reflaction-symbol\">\u00ae<\/span><\/strong> engagement. Today\u2019s work adds pressure through agility, complexity, digitalisation and constant change \u2014 priorities and personal goals easily get lost.<\/span>[\/et_pb_text][et_pb_text _builder_version=&#8221;4.27.4&#8243; text_text_color=&#8221;#0d8cd6&#8243; header_text_align=&#8221;center&#8221; header_text_color=&#8221;#0d8cd6&#8243; header_line_height=&#8221;1.4em&#8221; custom_padding=&#8221;|30px||30px|false|false&#8221; header_font_size_tablet=&#8221;&#8221; header_font_size_phone=&#8221;20px&#8221; header_font_size_last_edited=&#8221;on|phone&#8221; global_colors_info=&#8221;{}&#8221; disabled_on=&#8221;off|off|off&#8221; header_2_font=&#8221;|600|||||||&#8221; header_2_text_color=&#8221;#C60440&#8243; header_2_font_size=&#8221;28px&#8221; header_2_font_size_tablet=&#8221;24px&#8221; header_2_font_size_phone=&#8221;22px&#8221; header_2_font_size_last_edited=&#8221;on|phone&#8221; header_2_line_height=&#8221;1.3em&#8221; hover_enabled=&#8221;0&#8243; sticky_enabled=&#8221;0&#8243; theme_builder_area=&#8221;post_content&#8221;]<\/p>\n<h2 style=\"text-align: center;\">What we strengthen (outcomes)<\/h2>\n<p>[\/et_pb_text][et_pb_text _builder_version=&#8221;4.27.4&#8243; custom_margin=&#8221;||30px||false|false&#8221; custom_padding=&#8221;0px|30px||30px|false|false&#8221; global_colors_info=&#8221;{}&#8221; hover_enabled=&#8221;0&#8243; sticky_enabled=&#8221;0&#8243; theme_builder_area=&#8221;post_content&#8221;]With <span><strong>Refl<em>ACTION<\/em><span class=\"reflaction-symbol\">\u00ae<\/span><\/strong><\/span>, people act consciously and with focus; effectiveness, creativity and satisfaction increase. Teams collaborate more constructively; organisations benefit from a culture of trust and innovation. [\/et_pb_text][et_pb_text _builder_version=&#8221;4.27.4&#8243; text_text_color=&#8221;#0d8cd6&#8243; header_text_align=&#8221;center&#8221; header_text_color=&#8221;#0d8cd6&#8243; header_line_height=&#8221;1.4em&#8221; custom_padding=&#8221;|30px||30px|false|false&#8221; header_font_size_tablet=&#8221;&#8221; header_font_size_phone=&#8221;20px&#8221; header_font_size_last_edited=&#8221;on|phone&#8221; global_colors_info=&#8221;{}&#8221; disabled_on=&#8221;off|off|off&#8221; header_2_font=&#8221;|600|||||||&#8221; header_2_text_color=&#8221;#C60440&#8243; header_2_font_size=&#8221;28px&#8221; header_2_font_size_tablet=&#8221;24px&#8221; header_2_font_size_phone=&#8221;22px&#8221; header_2_font_size_last_edited=&#8221;on|phone&#8221; header_2_line_height=&#8221;1.3em&#8221; hover_enabled=&#8221;0&#8243; sticky_enabled=&#8221;0&#8243; theme_builder_area=&#8221;post_content&#8221;]<\/p>\n<h2 style=\"text-align: center;\">What we strengthen (outcomes)<\/h2>\n<p>[\/et_pb_text][et_pb_text _builder_version=&#8221;4.27.4&#8243; custom_padding=&#8221;0px|30px||30px|false|false&#8221; hover_enabled=&#8221;0&#8243; global_colors_info=&#8221;{}&#8221; sticky_enabled=&#8221;0&#8243; theme_builder_area=&#8221;post_content&#8221;]<\/p>\n<p><strong>1. <\/strong><span class=\"s1\"><b>Presence leads<\/b><\/span> \u2013 be attentive here and now; respond instead of reacting on autopilot.<span class=\"Apple-converted-space\">\u00a0 <\/span><\/p>\n<p><span class=\"s2\"><\/span><span class=\"s1\"><b><strong>2. <\/strong>Balance inner &amp; outer<\/b><\/span> \u2013 protect thinking time and recovery; ritualise reflection.<span class=\"Apple-converted-space\">\u00a0 <\/span><span class=\"s2\"><\/span><\/p>\n<p class=\"p1\"><span class=\"s1\"><b><strong>3. <\/strong>Autonomous and connected<\/b><\/span> \u2013 take decisions, own consequences, keep impact on others in view.<span class=\"Apple-converted-space\">\u00a0 <\/span><span class=\"s2\"><\/span><\/p>\n<p class=\"p1\"><span class=\"s1\"><b>4. Personality is change<\/b><\/span> \u2013 strengthen courage and attention; change is possible at any moment.<span class=\"Apple-converted-space\">\u00a0 <\/span><span class=\"s2\"><\/span><\/p>\n<p class=\"p1\"><span class=\"s1\"><b>5. Begin with the end in mind<\/b><\/span> \u2013 reflect meaning and keep the goal in sight.<\/p>\n<p>[\/et_pb_text][et_pb_text _builder_version=&#8221;4.27.4&#8243; text_text_color=&#8221;#0d8cd6&#8243; header_text_align=&#8221;center&#8221; header_text_color=&#8221;#0d8cd6&#8243; header_line_height=&#8221;1.4em&#8221; custom_padding=&#8221;|30px||30px|false|false&#8221; header_font_size_tablet=&#8221;&#8221; header_font_size_phone=&#8221;20px&#8221; header_font_size_last_edited=&#8221;on|phone&#8221; global_colors_info=&#8221;{}&#8221; disabled_on=&#8221;off|off|off&#8221; header_2_font=&#8221;|600|||||||&#8221; header_2_text_color=&#8221;#C60440&#8243; header_2_font_size=&#8221;28px&#8221; header_2_font_size_tablet=&#8221;24px&#8221; header_2_font_size_phone=&#8221;22px&#8221; header_2_font_size_last_edited=&#8221;on|phone&#8221; header_2_line_height=&#8221;1.3em&#8221; hover_enabled=&#8221;0&#8243; sticky_enabled=&#8221;0&#8243; theme_builder_area=&#8221;post_content&#8221;]<\/p>\n<h2 style=\"text-align: center;\">What we strengthen (outcomes)<\/h2>\n<p>[\/et_pb_text][et_pb_text _builder_version=&#8221;4.27.4&#8243; custom_margin=&#8221;||30px||false|false&#8221; custom_padding=&#8221;0px|30px||30px|false|false&#8221; global_colors_info=&#8221;{}&#8221; hover_enabled=&#8221;0&#8243; sticky_enabled=&#8221;0&#8243; theme_builder_area=&#8221;post_content&#8221;]Leaders develop themselves and create conditions for team self-regulation: clarity, autonomy, decision rights and a culture of trust. We advise on team formats and organisational frameworks that make self-leadership stick \u2014 sustainably. [\/et_pb_text][et_pb_text _builder_version=&#8221;4.27.4&#8243; text_text_color=&#8221;#0d8cd6&#8243; header_text_align=&#8221;center&#8221; header_text_color=&#8221;#0d8cd6&#8243; header_line_height=&#8221;1.4em&#8221; custom_padding=&#8221;|30px||30px|false|false&#8221; header_font_size_tablet=&#8221;&#8221; header_font_size_phone=&#8221;20px&#8221; header_font_size_last_edited=&#8221;on|phone&#8221; global_colors_info=&#8221;{}&#8221; disabled_on=&#8221;off|off|off&#8221; header_2_font=&#8221;|600|||||||&#8221; header_2_text_color=&#8221;#C60440&#8243; header_2_font_size=&#8221;28px&#8221; header_2_font_size_tablet=&#8221;24px&#8221; header_2_font_size_phone=&#8221;22px&#8221; header_2_font_size_last_edited=&#8221;on|phone&#8221; header_2_line_height=&#8221;1.3em&#8221; hover_enabled=&#8221;0&#8243; sticky_enabled=&#8221;0&#8243; theme_builder_area=&#8221;post_content&#8221;]<\/p>\n<h2 style=\"text-align: center;\">How we work (<span><strong>Refl<em>ACTION<\/em><span class=\"reflaction-symbol\">\u00ae<\/span><\/strong><\/span>)<\/h2>\n<p>[\/et_pb_text][et_pb_text _builder_version=&#8221;4.27.4&#8243; custom_margin=&#8221;||30px||false|false&#8221; custom_padding=&#8221;0px|30px||30px|false|false&#8221; global_colors_info=&#8221;{}&#8221; hover_enabled=&#8221;0&#8243; sticky_enabled=&#8221;0&#8243; theme_builder_area=&#8221;post_content&#8221;]Co-design with your stakeholders \u2192 enablement &#038; pilot in live routines \u2192 review with evidence from practice \u2192 integrate into your leadership system. Short cycles, visible progress.[\/et_pb_text][\/et_pb_column][\/et_pb_row][et_pb_row _builder_version=&#8221;4.27.4&#8243; background_color=&#8221;#AA9C76&#8243; custom_padding=&#8221;||48px|||&#8221; hover_enabled=&#8221;0&#8243; locked=&#8221;off&#8221; global_colors_info=&#8221;{}&#8221; theme_builder_area=&#8221;post_content&#8221; sticky_enabled=&#8221;0&#8243;][et_pb_column type=&#8221;4_4&#8243; _builder_version=&#8221;4.16&#8243; global_colors_info=&#8221;{}&#8221; theme_builder_area=&#8221;post_content&#8221;][et_pb_text _builder_version=&#8221;4.27.4&#8243; header_3_font=&#8221;|600|||||||&#8221; header_3_line_height=&#8221;1.3em&#8221; background_layout=&#8221;dark&#8221; custom_margin=&#8221;15px||0px||false|false&#8221; custom_padding=&#8221;|30px||30px|false|false&#8221; header_3_font_size_tablet=&#8221;20px&#8221; header_3_font_size_phone=&#8221;18px&#8221; header_3_font_size_last_edited=&#8221;on|phone&#8221; global_module=&#8221;17014&#8243; saved_tabs=&#8221;all&#8221; global_colors_info=&#8221;{}&#8221; theme_builder_area=&#8221;post_content&#8221;]<\/p>\n<h3><strong>Let\u2019s take the first step together.<\/strong><\/h3>\n<p>[\/et_pb_text][et_pb_text _builder_version=&#8221;4.27.4&#8243; text_font=&#8221;||||||||&#8221; header_5_line_height=&#8221;1.7em&#8221; background_layout=&#8221;dark&#8221; custom_padding=&#8221;|30px||30px|false|false&#8221; global_module=&#8221;17012&#8243; saved_tabs=&#8221;all&#8221; global_colors_info=&#8221;{}&#8221; theme_builder_area=&#8221;post_content&#8221;]<\/p>\n<p>Every transformation begins with dialogue \u2013 sometimes with just one question, sometimes with a short exchange. Tell us what drives you. We listen carefully, provide fresh impulses, and help you discover effective paths to further develop your goals.<\/p>\n<p>Contact us by phone or email \u2013 we look forward to starting the journey with you.<\/p>\n<p>Phone:\u00a0 <strong><a href=\"tel:+49531120456789\"><span style=\"color: #ffffff;\">+49 531 120 456 789<\/span><\/a><\/strong><br \/>\nEmail: \u00a0<span style=\"color: #ffffff;\"><strong><a href=\"mailto:info@pe-solution.de\" style=\"color: #ffffff;\">info@pe-solution.de<\/a><\/strong><\/span><\/p>\n<p>[\/et_pb_text][\/et_pb_column][\/et_pb_row][\/et_pb_section]<\/p>\n","protected":false},"excerpt":{"rendered":"<p>Self-LeadershipWe build self-leadership that turns reflection into action. Self-leadership is the capability to steer how you think, feel and act so that you actually achieve your goals \u2014 through purposeful self-reflection and self-organisation. Our ReflACTION\u00ae approach combines long-standing practice with insights from neuroleadership, mindfulness research and positive psychology.When it\u2019s worth working on self-leadership\u201cI feel stressed [&hellip;]<\/p>\n","protected":false},"author":2,"featured_media":0,"parent":16730,"menu_order":0,"comment_status":"closed","ping_status":"closed","template":"","meta":{"_et_pb_use_builder":"on","_et_pb_old_content":"","_et_gb_content_width":"","footnotes":""},"class_list":["post-17610","page","type-page","status-publish","hentry"],"yoast_head":"<!-- This site is optimized with the Yoast SEO Premium plugin v27.4 (Yoast SEO v27.4) - https:\/\/yoast.com\/product\/yoast-seo-premium-wordpress\/ -->\n<title>Self-Leadership | PE Solution<\/title>\n<meta name=\"robots\" content=\"index, follow, max-snippet:-1, max-image-preview:large, max-video-preview:-1\" \/>\n<link rel=\"canonical\" href=\"https:\/\/www.pe-solution.de\/en\/our-services\/self-leadership\/\" \/>\n<meta property=\"og:locale\" content=\"en_US\" \/>\n<meta property=\"og:type\" content=\"article\" \/>\n<meta property=\"og:title\" content=\"Self-Leadership\" \/>\n<meta property=\"og:description\" content=\"Self-LeadershipWe build self-leadership that turns reflection into action. Self-leadership is the capability to steer how you think, feel and act so that you actually achieve your goals \u2014 through purposeful self-reflection and self-organisation. Our ReflACTION\u00ae approach combines long-standing practice with insights from neuroleadership, mindfulness research and positive psychology.When it\u2019s worth working on self-leadership\u201cI feel stressed [&hellip;]\" \/>\n<meta property=\"og:url\" content=\"https:\/\/www.pe-solution.de\/en\/our-services\/self-leadership\/\" \/>\n<meta property=\"og:site_name\" content=\"PE Solution\" \/>\n<meta property=\"article:publisher\" content=\"https:\/\/www.facebook.com\/PE-Solution-108011344893699\/\" \/>\n<meta property=\"article:modified_time\" content=\"2025-12-05T09:35:34+00:00\" \/>\n<meta property=\"og:image\" content=\"https:\/\/www.pe-solution.de\/wp-content\/uploads\/2026\/01\/pe-solution-besprechungsraum-s.webp\" \/>\n\t<meta property=\"og:image:width\" content=\"1837\" \/>\n\t<meta property=\"og:image:height\" content=\"1034\" \/>\n\t<meta property=\"og:image:type\" content=\"image\/webp\" \/>\n<meta name=\"twitter:card\" content=\"summary_large_image\" \/>\n<script type=\"application\/ld+json\" class=\"yoast-schema-graph\">{\"@context\":\"https:\\\/\\\/schema.org\",\"@graph\":[{\"@type\":\"WebPage\",\"@id\":\"https:\\\/\\\/www.pe-solution.de\\\/en\\\/our-services\\\/self-leadership\\\/\",\"url\":\"https:\\\/\\\/www.pe-solution.de\\\/en\\\/our-services\\\/self-leadership\\\/\",\"name\":\"Self-Leadership | PE Solution\",\"isPartOf\":{\"@id\":\"https:\\\/\\\/www.pe-solution.de\\\/en\\\/#website\"},\"datePublished\":\"2025-10-29T11:04:00+00:00\",\"dateModified\":\"2025-12-05T09:35:34+00:00\",\"breadcrumb\":{\"@id\":\"https:\\\/\\\/www.pe-solution.de\\\/en\\\/our-services\\\/self-leadership\\\/#breadcrumb\"},\"inLanguage\":\"en-US\",\"potentialAction\":[{\"@type\":\"ReadAction\",\"target\":[\"https:\\\/\\\/www.pe-solution.de\\\/en\\\/our-services\\\/self-leadership\\\/\"]}]},{\"@type\":\"BreadcrumbList\",\"@id\":\"https:\\\/\\\/www.pe-solution.de\\\/en\\\/our-services\\\/self-leadership\\\/#breadcrumb\",\"itemListElement\":[{\"@type\":\"ListItem\",\"position\":1,\"name\":\"Startseite\",\"item\":\"https:\\\/\\\/www.pe-solution.de\\\/en\\\/\"},{\"@type\":\"ListItem\",\"position\":2,\"name\":\"Our Services\",\"item\":\"https:\\\/\\\/www.pe-solution.de\\\/en\\\/our-services\\\/\"},{\"@type\":\"ListItem\",\"position\":3,\"name\":\"Self-Leadership\"}]},{\"@type\":\"WebSite\",\"@id\":\"https:\\\/\\\/www.pe-solution.de\\\/en\\\/#website\",\"url\":\"https:\\\/\\\/www.pe-solution.de\\\/en\\\/\",\"name\":\"PE Solution\",\"description\":\"Psychologische Unternehmensberatung - Damit Menschen Gerne Arbeiten\",\"publisher\":{\"@id\":\"https:\\\/\\\/www.pe-solution.de\\\/en\\\/#organization\"},\"potentialAction\":[{\"@type\":\"SearchAction\",\"target\":{\"@type\":\"EntryPoint\",\"urlTemplate\":\"https:\\\/\\\/www.pe-solution.de\\\/en\\\/?s={search_term_string}\"},\"query-input\":{\"@type\":\"PropertyValueSpecification\",\"valueRequired\":true,\"valueName\":\"search_term_string\"}}],\"inLanguage\":\"en-US\"},{\"@type\":\"Organization\",\"@id\":\"https:\\\/\\\/www.pe-solution.de\\\/en\\\/#organization\",\"name\":\"PE Solution Dipl.-Psychologen und beratender Betriebswirt, Dr. Selck und Partner\",\"alternateName\":\"PE Solution\",\"url\":\"https:\\\/\\\/www.pe-solution.de\\\/en\\\/\",\"logo\":{\"@type\":\"ImageObject\",\"inLanguage\":\"en-US\",\"@id\":\"https:\\\/\\\/www.pe-solution.de\\\/en\\\/#\\\/schema\\\/logo\\\/image\\\/\",\"url\":\"https:\\\/\\\/www.pe-solution.de\\\/wp-content\\\/uploads\\\/2023\\\/06\\\/221010_pes_logo_zusatz_rot-grau_digital_L.png\",\"contentUrl\":\"https:\\\/\\\/www.pe-solution.de\\\/wp-content\\\/uploads\\\/2023\\\/06\\\/221010_pes_logo_zusatz_rot-grau_digital_L.png\",\"width\":1181,\"height\":328,\"caption\":\"PE Solution Dipl.-Psychologen und beratender Betriebswirt, Dr. Selck und Partner\"},\"image\":{\"@id\":\"https:\\\/\\\/www.pe-solution.de\\\/en\\\/#\\\/schema\\\/logo\\\/image\\\/\"},\"sameAs\":[\"https:\\\/\\\/www.facebook.com\\\/PE-Solution-108011344893699\\\/\",\"https:\\\/\\\/www.linkedin.com\\\/company\\\/pe-solution\\\/\",\"https:\\\/\\\/www.instagram.com\\\/pe_solution\\\/\"],\"description\":\"PE Solution ist eine psychologische Unternehmensberatung mit einem interdisziplin\u00e4ren Team. Wir unterst\u00fctzen Unternehmen bei F\u00fchrung, Zusammenarbeit, Change-Prozessen sowie Organisations- und Prozessentwicklung.\",\"email\":\"info@pe-solution.de\",\"telephone\":\"0531120456789\",\"legalName\":\"PE Solution Dipl.-Psychologen und beratender Betriebswirt, Dr. Selck und Partner\",\"vatID\":\"DE 232 366 651\",\"numberOfEmployees\":{\"@type\":\"QuantitativeValue\",\"minValue\":\"11\",\"maxValue\":\"50\"}}]}<\/script>\n<!-- \/ Yoast SEO Premium plugin. -->","yoast_head_json":{"title":"Self-Leadership | PE Solution","robots":{"index":"index","follow":"follow","max-snippet":"max-snippet:-1","max-image-preview":"max-image-preview:large","max-video-preview":"max-video-preview:-1"},"canonical":"https:\/\/www.pe-solution.de\/en\/our-services\/self-leadership\/","og_locale":"en_US","og_type":"article","og_title":"Self-Leadership","og_description":"Self-LeadershipWe build self-leadership that turns reflection into action. Self-leadership is the capability to steer how you think, feel and act so that you actually achieve your goals \u2014 through purposeful self-reflection and self-organisation. Our ReflACTION\u00ae approach combines long-standing practice with insights from neuroleadership, mindfulness research and positive psychology.When it\u2019s worth working on self-leadership\u201cI feel stressed [&hellip;]","og_url":"https:\/\/www.pe-solution.de\/en\/our-services\/self-leadership\/","og_site_name":"PE Solution","article_publisher":"https:\/\/www.facebook.com\/PE-Solution-108011344893699\/","article_modified_time":"2025-12-05T09:35:34+00:00","og_image":[{"width":1837,"height":1034,"url":"https:\/\/www.pe-solution.de\/wp-content\/uploads\/2026\/01\/pe-solution-besprechungsraum-s.webp","type":"image\/webp"}],"twitter_card":"summary_large_image","schema":{"@context":"https:\/\/schema.org","@graph":[{"@type":"WebPage","@id":"https:\/\/www.pe-solution.de\/en\/our-services\/self-leadership\/","url":"https:\/\/www.pe-solution.de\/en\/our-services\/self-leadership\/","name":"Self-Leadership | PE Solution","isPartOf":{"@id":"https:\/\/www.pe-solution.de\/en\/#website"},"datePublished":"2025-10-29T11:04:00+00:00","dateModified":"2025-12-05T09:35:34+00:00","breadcrumb":{"@id":"https:\/\/www.pe-solution.de\/en\/our-services\/self-leadership\/#breadcrumb"},"inLanguage":"en-US","potentialAction":[{"@type":"ReadAction","target":["https:\/\/www.pe-solution.de\/en\/our-services\/self-leadership\/"]}]},{"@type":"BreadcrumbList","@id":"https:\/\/www.pe-solution.de\/en\/our-services\/self-leadership\/#breadcrumb","itemListElement":[{"@type":"ListItem","position":1,"name":"Startseite","item":"https:\/\/www.pe-solution.de\/en\/"},{"@type":"ListItem","position":2,"name":"Our Services","item":"https:\/\/www.pe-solution.de\/en\/our-services\/"},{"@type":"ListItem","position":3,"name":"Self-Leadership"}]},{"@type":"WebSite","@id":"https:\/\/www.pe-solution.de\/en\/#website","url":"https:\/\/www.pe-solution.de\/en\/","name":"PE Solution","description":"Psychologische Unternehmensberatung - Damit Menschen Gerne Arbeiten","publisher":{"@id":"https:\/\/www.pe-solution.de\/en\/#organization"},"potentialAction":[{"@type":"SearchAction","target":{"@type":"EntryPoint","urlTemplate":"https:\/\/www.pe-solution.de\/en\/?s={search_term_string}"},"query-input":{"@type":"PropertyValueSpecification","valueRequired":true,"valueName":"search_term_string"}}],"inLanguage":"en-US"},{"@type":"Organization","@id":"https:\/\/www.pe-solution.de\/en\/#organization","name":"PE Solution Dipl.-Psychologen und beratender Betriebswirt, Dr. Selck und Partner","alternateName":"PE Solution","url":"https:\/\/www.pe-solution.de\/en\/","logo":{"@type":"ImageObject","inLanguage":"en-US","@id":"https:\/\/www.pe-solution.de\/en\/#\/schema\/logo\/image\/","url":"https:\/\/www.pe-solution.de\/wp-content\/uploads\/2023\/06\/221010_pes_logo_zusatz_rot-grau_digital_L.png","contentUrl":"https:\/\/www.pe-solution.de\/wp-content\/uploads\/2023\/06\/221010_pes_logo_zusatz_rot-grau_digital_L.png","width":1181,"height":328,"caption":"PE Solution Dipl.-Psychologen und beratender Betriebswirt, Dr. Selck und Partner"},"image":{"@id":"https:\/\/www.pe-solution.de\/en\/#\/schema\/logo\/image\/"},"sameAs":["https:\/\/www.facebook.com\/PE-Solution-108011344893699\/","https:\/\/www.linkedin.com\/company\/pe-solution\/","https:\/\/www.instagram.com\/pe_solution\/"],"description":"PE Solution ist eine psychologische Unternehmensberatung mit einem interdisziplin\u00e4ren Team. Wir unterst\u00fctzen Unternehmen bei F\u00fchrung, Zusammenarbeit, Change-Prozessen sowie Organisations- und Prozessentwicklung.","email":"info@pe-solution.de","telephone":"0531120456789","legalName":"PE Solution Dipl.-Psychologen und beratender Betriebswirt, Dr. Selck und Partner","vatID":"DE 232 366 651","numberOfEmployees":{"@type":"QuantitativeValue","minValue":"11","maxValue":"50"}}]}},"_links":{"self":[{"href":"https:\/\/www.pe-solution.de\/en\/wp-json\/wp\/v2\/pages\/17610","targetHints":{"allow":["GET"]}}],"collection":[{"href":"https:\/\/www.pe-solution.de\/en\/wp-json\/wp\/v2\/pages"}],"about":[{"href":"https:\/\/www.pe-solution.de\/en\/wp-json\/wp\/v2\/types\/page"}],"author":[{"embeddable":true,"href":"https:\/\/www.pe-solution.de\/en\/wp-json\/wp\/v2\/users\/2"}],"replies":[{"embeddable":true,"href":"https:\/\/www.pe-solution.de\/en\/wp-json\/wp\/v2\/comments?post=17610"}],"version-history":[{"count":0,"href":"https:\/\/www.pe-solution.de\/en\/wp-json\/wp\/v2\/pages\/17610\/revisions"}],"up":[{"embeddable":true,"href":"https:\/\/www.pe-solution.de\/en\/wp-json\/wp\/v2\/pages\/16730"}],"wp:attachment":[{"href":"https:\/\/www.pe-solution.de\/en\/wp-json\/wp\/v2\/media?parent=17610"}],"curies":[{"name":"wp","href":"https:\/\/api.w.org\/{rel}","templated":true}]}}