{"id":17347,"date":"2025-10-01T09:27:27","date_gmt":"2025-10-01T07:27:27","guid":{"rendered":"https:\/\/www.pe-solution.de\/?page_id=17347"},"modified":"2025-12-05T10:35:51","modified_gmt":"2025-12-05T09:35:51","slug":"team-development","status":"publish","type":"page","link":"https:\/\/www.pe-solution.de\/en\/our-services\/team-development\/","title":{"rendered":"Team Development"},"content":{"rendered":"<p>[et_pb_section fb_built=&#8221;1&#8243; fullwidth=&#8221;on&#8221; _builder_version=&#8221;4.27.4&#8243; _module_preset=&#8221;default&#8221; locked=&#8221;off&#8221; global_colors_info=&#8221;{}&#8221;][et_pb_fullwidth_image src=&#8221;https:\/\/www.pe-solution.de\/wp-content\/uploads\/2020\/01\/teamentwicklung_fotolia_84475014.jpg&#8221; alt=&#8221;Das Bild zeigt ein Paar gr\u00fcne Schuhe, die auf einer asphaltierten Stra\u00dfe stehen, auf der viele wei\u00dfe Pfeile in verschiedene Richtungen gemalt sind.&#8221; title_text=&#8221;development-center_pe-solution_fotolia_84106534&#8243; _builder_version=&#8221;4.27.4&#8243; _module_preset=&#8221;default&#8221; global_colors_info=&#8221;{}&#8221;][\/et_pb_fullwidth_image][\/et_pb_section][et_pb_section fb_built=&#8221;1&#8243; _builder_version=&#8221;4.16&#8243; background_color=&#8221;#d6d6d6&#8243; locked=&#8221;off&#8221; global_colors_info=&#8221;{}&#8221;][et_pb_row _builder_version=&#8221;4.27.4&#8243; background_color=&#8221;#ffffff&#8221; custom_padding=&#8221;0px||||false|false&#8221; global_colors_info=&#8221;{}&#8221;][et_pb_column type=&#8221;4_4&#8243; _builder_version=&#8221;4.16&#8243; global_colors_info=&#8221;{}&#8221;][et_pb_text disabled_on=&#8221;off|off|off&#8221; _builder_version=&#8221;4.27.4&#8243; text_text_color=&#8221;#ffffff&#8221; header_font=&#8221;|600||on|||||&#8221; header_text_color=&#8221;#ffffff&#8221; header_font_size=&#8221;36px&#8221; header_line_height=&#8221;1.5em&#8221; background_color=&#8221;#AA9C76&#8243; custom_margin=&#8221;0px||24px||false|false&#8221; custom_padding=&#8221;10px||||false|false&#8221; header_font_size_tablet=&#8221;32px&#8221; header_font_size_phone=&#8221;28px&#8221; header_font_size_last_edited=&#8221;on|desktop&#8221; header_line_height_tablet=&#8221;&#8221; header_line_height_phone=&#8221;1.2em&#8221; header_line_height_last_edited=&#8221;on|phone&#8221; global_colors_info=&#8221;{}&#8221;]<\/p>\n<h1 style=\"text-align: center;\">Team Development<\/h1>\n<p>[\/et_pb_text][et_pb_text _builder_version=&#8221;4.27.4&#8243; text_font=&#8221;|700|||||||&#8221; header_3_font=&#8221;||||||||&#8221; header_3_line_height=&#8221;1.4em&#8221; text_orientation=&#8221;justified&#8221; custom_margin=&#8221;||14px|||&#8221; custom_padding=&#8221;0px|30px|0px|30px|false|false&#8221; hover_enabled=&#8221;0&#8243; header_3_text_align_tablet=&#8221;&#8221; header_3_text_align_phone=&#8221;left&#8221; header_3_text_align_last_edited=&#8221;on|phone&#8221; header_3_font_size_tablet=&#8221;&#8221; header_3_font_size_phone=&#8221;16px&#8221; header_3_font_size_last_edited=&#8221;on|phone&#8221; global_colors_info=&#8221;{}&#8221; sticky_enabled=&#8221;0&#8243;]<\/p>\n<p><span>With our team development, we strengthen satisfaction and productivity in complex collaborative environments. We support the team in working together more consciously, focused, and effectively in currently challenging situations. The manager can contribute substantively without having to facilitate at the same time. In addition, we support both the manager and team members in their roles and competencies to build a lasting climate characterized by mutual respect, constructive cooperation, and openness to change.<\/span><\/p>\n<p>[\/et_pb_text][et_pb_text disabled_on=&#8221;on|off|off&#8221; _builder_version=&#8221;4.27.4&#8243; text_text_color=&#8221;#0d8cd6&#8243; header_text_align=&#8221;center&#8221; header_text_color=&#8221;#0d8cd6&#8243; header_line_height=&#8221;1.4em&#8221; header_2_font=&#8221;|600|||||||&#8221; header_2_text_align=&#8221;center&#8221; header_2_text_color=&#8221;#C60440&#8243; header_2_font_size=&#8221;28px&#8221; header_2_line_height=&#8221;1.3em&#8221; custom_padding=&#8221;|30px||30px|false|false&#8221; hover_enabled=&#8221;0&#8243; header_font_size_tablet=&#8221;&#8221; header_font_size_phone=&#8221;20px&#8221; header_font_size_last_edited=&#8221;on|phone&#8221; header_2_text_align_tablet=&#8221;center&#8221; header_2_text_align_phone=&#8221;left&#8221; header_2_text_align_last_edited=&#8221;on|phone&#8221; header_2_font_size_tablet=&#8221;24px&#8221; header_2_font_size_phone=&#8221;22px&#8221; header_2_font_size_last_edited=&#8221;on|phone&#8221; global_colors_info=&#8221;{}&#8221; sticky_enabled=&#8221;0&#8243;]<\/p>\n<h2>When is team development beneficial?<\/h2>\n<p>[\/et_pb_text][et_pb_text disabled_on=&#8221;off|off|off&#8221; admin_label=&#8221;Text&#8221; _builder_version=&#8221;4.27.4&#8243; header_3_font=&#8221;||on||||||&#8221; header_3_text_align=&#8221;center&#8221; header_3_line_height=&#8221;1.4em&#8221; text_orientation=&#8221;justified&#8221; custom_margin=&#8221;|30px|30px|30px|false|false&#8221; custom_margin_tablet=&#8221;|30px|20px|30px|false|false&#8221; custom_margin_phone=&#8221;|30px||30px|false|false&#8221; custom_margin_last_edited=&#8221;on|phone&#8221; custom_padding=&#8221;15px|20px|20px|20px|false|false&#8221; custom_padding_tablet=&#8221;&#8221; custom_padding_phone=&#8221;15px|20px|20px|20px|false|false&#8221; custom_padding_last_edited=&#8221;on|phone&#8221; hover_enabled=&#8221;0&#8243; header_3_font_size_tablet=&#8221;&#8221; header_3_font_size_phone=&#8221;16px&#8221; header_3_font_size_last_edited=&#8221;on|phone&#8221; border_width_all=&#8221;1px&#8221; locked=&#8221;off&#8221; global_colors_info=&#8221;{}&#8221; sticky_enabled=&#8221;0&#8243;]<\/p>\n<p data-start=\"102\" data-end=\"269\">\u201cWe need optimized collaboration within our team. The higher the workload, the more everyone tends to work as a lone fighter. This is a development we want to stop.\u201d<\/p>\n<p><span style=\"color: #c60440;\">A typical starting point for the successful implementation of tean development with PE Solution.<\/span><\/p>\n<p>[\/et_pb_text][et_pb_text _builder_version=&#8221;4.27.4&#8243; custom_padding=&#8221;0px|30px||30px|false|false&#8221; hover_enabled=&#8221;0&#8243; global_colors_info=&#8221;{}&#8221; sticky_enabled=&#8221;0&#8243;]<\/p>\n<p><span>Externally facilitated team development measures are appropriate when your overarching goal is to promote coordinated collaboration and networking within your organization. The need may also arise when teams, tasks, and responsibilities are newly formed or changing, or when conflicts hinder cooperation. Preventively, regular team development initiatives can help stabilize cohesion and increase productivity.<\/span><\/p>\n<p>[\/et_pb_text][et_pb_text disabled_on=&#8221;on|off|off&#8221; _builder_version=&#8221;4.27.4&#8243; text_text_color=&#8221;#0d8cd6&#8243; header_text_align=&#8221;center&#8221; header_text_color=&#8221;#0d8cd6&#8243; header_line_height=&#8221;1.4em&#8221; header_2_font=&#8221;|600|||||||&#8221; header_2_text_align=&#8221;center&#8221; header_2_text_color=&#8221;#C60440&#8243; header_2_font_size=&#8221;28px&#8221; header_2_line_height=&#8221;1.3em&#8221; custom_padding=&#8221;|30px||30px|false|false&#8221; hover_enabled=&#8221;0&#8243; header_font_size_tablet=&#8221;&#8221; header_font_size_phone=&#8221;20px&#8221; header_font_size_last_edited=&#8221;on|phone&#8221; header_2_text_align_tablet=&#8221;center&#8221; header_2_text_align_phone=&#8221;left&#8221; header_2_text_align_last_edited=&#8221;on|phone&#8221; header_2_font_size_tablet=&#8221;24px&#8221; header_2_font_size_phone=&#8221;22px&#8221; header_2_font_size_last_edited=&#8221;on|phone&#8221; global_colors_info=&#8221;{}&#8221; sticky_enabled=&#8221;0&#8243;]<\/p>\n<h2>How does our team development achieve results?<\/h2>\n<p>[\/et_pb_text][et_pb_text _builder_version=&#8221;4.27.4&#8243; custom_padding=&#8221;0px|30px||30px|false|false&#8221; hover_enabled=&#8221;0&#8243; global_colors_info=&#8221;{}&#8221; sticky_enabled=&#8221;0&#8243;]<\/p>\n<p data-start=\"162\" data-end=\"252\">Every team development initiative is carried out in close collaboration with the client.<\/p>\n<p data-start=\"254\" data-end=\"570\">The focus of the team development is defined through conversations between the team manager and the consultant, as well as between team members and the consultant. The varied individual answers to the question, \u201cWhat defines our team (hopefully soon)?\u201d serve as the starting point for both content and methodology.<\/p>\n<p data-start=\"572\" data-end=\"968\">Ideally, a team day begins in the evening and concludes with a shared lunch the following day. During this time, team members define clear next steps toward their desired vision and make concrete mutual commitments. Our ReflACTION\u00ae tools help each participant keep the shared goals and agreements visible in daily practice. Progress and experiences are reviewed together in a follow-up session.<\/p>\n<p data-start=\"970\" data-end=\"1170\">We deliberately avoid overloading the workshop with complex methods or numerous \u201cgroup-dynamic exercises.\u201d Instead, we focus on the team\u2019s current situation and challenges, addressing them directly.<\/p>\n<p data-start=\"1172\" data-end=\"1414\">As the saying goes, \u201cThe solution doesn\u2019t care how the problem arose.\u201d Therefore, we look forward, using the team\u2019s turbulence as an opportunity: providing short, inspiring impulses that drive peak performance and enjoyment within the team.<\/p>\n<p data-start=\"1172\" data-end=\"1414\">\n<p data-start=\"1172\" data-end=\"1414\">[\/et_pb_text][\/et_pb_column][\/et_pb_row][et_pb_row _builder_version=&#8221;4.27.4&#8243; background_color=&#8221;#AA9C76&#8243; custom_padding=&#8221;||48px|||&#8221; locked=&#8221;off&#8221; global_colors_info=&#8221;{}&#8221;][et_pb_column type=&#8221;4_4&#8243; _builder_version=&#8221;4.16&#8243; global_colors_info=&#8221;{}&#8221;][et_pb_text _builder_version=&#8221;4.27.4&#8243; header_3_font=&#8221;|600|||||||&#8221; header_3_line_height=&#8221;1.3em&#8221; background_layout=&#8221;dark&#8221; custom_margin=&#8221;15px||0px||false|false&#8221; custom_padding=&#8221;|30px||30px|false|false&#8221; header_3_font_size_tablet=&#8221;20px&#8221; header_3_font_size_phone=&#8221;18px&#8221; header_3_font_size_last_edited=&#8221;on|phone&#8221; global_module=&#8221;17014&#8243; global_colors_info=&#8221;{}&#8221;]<\/p>\n<h3><strong>Let\u2019s take the first step together.<\/strong><\/h3>\n<p>[\/et_pb_text][et_pb_text _builder_version=&#8221;4.27.4&#8243; text_font=&#8221;||||||||&#8221; header_5_line_height=&#8221;1.7em&#8221; background_layout=&#8221;dark&#8221; custom_padding=&#8221;|30px||30px|false|false&#8221; global_module=&#8221;17012&#8243; saved_tabs=&#8221;all&#8221; global_colors_info=&#8221;{}&#8221;]<\/p>\n<p>Every transformation begins with dialogue \u2013 sometimes with just one question, sometimes with a short exchange. Tell us what drives you. We listen carefully, provide fresh impulses, and help you discover effective paths to further develop your goals.<\/p>\n<p>Contact us by phone or email \u2013 we look forward to starting the journey with you.<\/p>\n<p>Phone:\u00a0 <strong><a href=\"tel:+49531120456789\"><span style=\"color: #ffffff;\">+49 531 120 456 789<\/span><\/a><\/strong><br \/>Email: \u00a0<span style=\"color: #ffffff;\"><strong><a href=\"mailto:info@pe-solution.de\" style=\"color: #ffffff;\">info@pe-solution.de<\/a><\/strong><\/span><\/p>\n<p>[\/et_pb_text][\/et_pb_column][\/et_pb_row][\/et_pb_section]<\/p>\n","protected":false},"excerpt":{"rendered":"<p>Team DevelopmentWith our team development, we strengthen satisfaction and productivity in complex collaborative environments. We support the team in working together more consciously, focused, and effectively in currently challenging situations. The manager can contribute substantively without having to facilitate at the same time. In addition, we support both the manager and team members in their [&hellip;]<\/p>\n","protected":false},"author":2,"featured_media":15063,"parent":16730,"menu_order":0,"comment_status":"closed","ping_status":"closed","template":"","meta":{"_et_pb_use_builder":"on","_et_pb_old_content":"","_et_gb_content_width":"","footnotes":""},"class_list":["post-17347","page","type-page","status-publish","has-post-thumbnail","hentry"],"yoast_head":"<!-- This site is optimized with the Yoast SEO Premium plugin v27.4 (Yoast SEO v27.4) - https:\/\/yoast.com\/product\/yoast-seo-premium-wordpress\/ -->\n<title>Team Development | PE Solution<\/title>\n<meta name=\"robots\" content=\"index, follow, max-snippet:-1, max-image-preview:large, max-video-preview:-1\" \/>\n<link rel=\"canonical\" href=\"https:\/\/www.pe-solution.de\/en\/our-services\/team-development\/\" \/>\n<meta property=\"og:locale\" content=\"en_US\" \/>\n<meta property=\"og:type\" content=\"article\" \/>\n<meta property=\"og:title\" content=\"Team Development\" \/>\n<meta property=\"og:description\" content=\"Team DevelopmentWith our team development, we strengthen satisfaction and productivity in complex collaborative environments. We support the team in working together more consciously, focused, and effectively in currently challenging situations. The manager can contribute substantively without having to facilitate at the same time. In addition, we support both the manager and team members in their [&hellip;]\" \/>\n<meta property=\"og:url\" content=\"https:\/\/www.pe-solution.de\/en\/our-services\/team-development\/\" \/>\n<meta property=\"og:site_name\" content=\"PE Solution\" \/>\n<meta property=\"article:publisher\" content=\"https:\/\/www.facebook.com\/PE-Solution-108011344893699\/\" \/>\n<meta property=\"article:modified_time\" content=\"2025-12-05T09:35:51+00:00\" \/>\n<meta property=\"og:image\" content=\"https:\/\/www.pe-solution.de\/wp-content\/uploads\/2020\/01\/teamentwicklung_fotolia_84475014.jpg\" \/>\n\t<meta property=\"og:image:width\" content=\"1920\" \/>\n\t<meta property=\"og:image:height\" content=\"1080\" \/>\n\t<meta property=\"og:image:type\" content=\"image\/jpeg\" \/>\n<meta name=\"twitter:card\" content=\"summary_large_image\" \/>\n<meta name=\"twitter:label1\" content=\"Est. reading time\" \/>\n\t<meta name=\"twitter:data1\" content=\"3 minutes\" \/>\n<script type=\"application\/ld+json\" class=\"yoast-schema-graph\">{\"@context\":\"https:\\\/\\\/schema.org\",\"@graph\":[{\"@type\":\"WebPage\",\"@id\":\"https:\\\/\\\/www.pe-solution.de\\\/en\\\/our-services\\\/team-development\\\/\",\"url\":\"https:\\\/\\\/www.pe-solution.de\\\/en\\\/our-services\\\/team-development\\\/\",\"name\":\"Team Development | PE Solution\",\"isPartOf\":{\"@id\":\"https:\\\/\\\/www.pe-solution.de\\\/en\\\/#website\"},\"primaryImageOfPage\":{\"@id\":\"https:\\\/\\\/www.pe-solution.de\\\/en\\\/our-services\\\/team-development\\\/#primaryimage\"},\"image\":{\"@id\":\"https:\\\/\\\/www.pe-solution.de\\\/en\\\/our-services\\\/team-development\\\/#primaryimage\"},\"thumbnailUrl\":\"https:\\\/\\\/www.pe-solution.de\\\/wp-content\\\/uploads\\\/2020\\\/01\\\/teamentwicklung_fotolia_84475014.jpg\",\"datePublished\":\"2025-10-01T07:27:27+00:00\",\"dateModified\":\"2025-12-05T09:35:51+00:00\",\"breadcrumb\":{\"@id\":\"https:\\\/\\\/www.pe-solution.de\\\/en\\\/our-services\\\/team-development\\\/#breadcrumb\"},\"inLanguage\":\"en-US\",\"potentialAction\":[{\"@type\":\"ReadAction\",\"target\":[\"https:\\\/\\\/www.pe-solution.de\\\/en\\\/our-services\\\/team-development\\\/\"]}]},{\"@type\":\"ImageObject\",\"inLanguage\":\"en-US\",\"@id\":\"https:\\\/\\\/www.pe-solution.de\\\/en\\\/our-services\\\/team-development\\\/#primaryimage\",\"url\":\"https:\\\/\\\/www.pe-solution.de\\\/wp-content\\\/uploads\\\/2020\\\/01\\\/teamentwicklung_fotolia_84475014.jpg\",\"contentUrl\":\"https:\\\/\\\/www.pe-solution.de\\\/wp-content\\\/uploads\\\/2020\\\/01\\\/teamentwicklung_fotolia_84475014.jpg\",\"width\":1920,\"height\":1080,\"caption\":\"The picture shows several hands of different people working together on a puzzle. The scene takes place on a rustic wooden table. Each hand is holding or moving a white puzzle piece, and the pieces appear to be trying to be put together. The hands appear to belong to different people, suggesting diversity in terms of age or gender. There is also a notepad with a pen on the table, suggesting collaboration or planning. The image conveys a sense of teamwork and collaboration, with everyone working together to complete the puzzle.\"},{\"@type\":\"BreadcrumbList\",\"@id\":\"https:\\\/\\\/www.pe-solution.de\\\/en\\\/our-services\\\/team-development\\\/#breadcrumb\",\"itemListElement\":[{\"@type\":\"ListItem\",\"position\":1,\"name\":\"Startseite\",\"item\":\"https:\\\/\\\/www.pe-solution.de\\\/en\\\/\"},{\"@type\":\"ListItem\",\"position\":2,\"name\":\"Our Services\",\"item\":\"https:\\\/\\\/www.pe-solution.de\\\/en\\\/our-services\\\/\"},{\"@type\":\"ListItem\",\"position\":3,\"name\":\"Team Development\"}]},{\"@type\":\"WebSite\",\"@id\":\"https:\\\/\\\/www.pe-solution.de\\\/en\\\/#website\",\"url\":\"https:\\\/\\\/www.pe-solution.de\\\/en\\\/\",\"name\":\"PE Solution\",\"description\":\"Psychologische Unternehmensberatung - Damit Menschen Gerne Arbeiten\",\"publisher\":{\"@id\":\"https:\\\/\\\/www.pe-solution.de\\\/en\\\/#organization\"},\"potentialAction\":[{\"@type\":\"SearchAction\",\"target\":{\"@type\":\"EntryPoint\",\"urlTemplate\":\"https:\\\/\\\/www.pe-solution.de\\\/en\\\/?s={search_term_string}\"},\"query-input\":{\"@type\":\"PropertyValueSpecification\",\"valueRequired\":true,\"valueName\":\"search_term_string\"}}],\"inLanguage\":\"en-US\"},{\"@type\":\"Organization\",\"@id\":\"https:\\\/\\\/www.pe-solution.de\\\/en\\\/#organization\",\"name\":\"PE Solution Dipl.-Psychologen und beratender Betriebswirt, Dr. Selck und Partner\",\"alternateName\":\"PE Solution\",\"url\":\"https:\\\/\\\/www.pe-solution.de\\\/en\\\/\",\"logo\":{\"@type\":\"ImageObject\",\"inLanguage\":\"en-US\",\"@id\":\"https:\\\/\\\/www.pe-solution.de\\\/en\\\/#\\\/schema\\\/logo\\\/image\\\/\",\"url\":\"https:\\\/\\\/www.pe-solution.de\\\/wp-content\\\/uploads\\\/2023\\\/06\\\/221010_pes_logo_zusatz_rot-grau_digital_L.png\",\"contentUrl\":\"https:\\\/\\\/www.pe-solution.de\\\/wp-content\\\/uploads\\\/2023\\\/06\\\/221010_pes_logo_zusatz_rot-grau_digital_L.png\",\"width\":1181,\"height\":328,\"caption\":\"PE Solution Dipl.-Psychologen und beratender Betriebswirt, Dr. Selck und Partner\"},\"image\":{\"@id\":\"https:\\\/\\\/www.pe-solution.de\\\/en\\\/#\\\/schema\\\/logo\\\/image\\\/\"},\"sameAs\":[\"https:\\\/\\\/www.facebook.com\\\/PE-Solution-108011344893699\\\/\",\"https:\\\/\\\/www.linkedin.com\\\/company\\\/pe-solution\\\/\",\"https:\\\/\\\/www.instagram.com\\\/pe_solution\\\/\"],\"description\":\"PE Solution ist eine psychologische Unternehmensberatung mit einem interdisziplin\u00e4ren Team. Wir unterst\u00fctzen Unternehmen bei F\u00fchrung, Zusammenarbeit, Change-Prozessen sowie Organisations- und Prozessentwicklung.\",\"email\":\"info@pe-solution.de\",\"telephone\":\"0531120456789\",\"legalName\":\"PE Solution Dipl.-Psychologen und beratender Betriebswirt, Dr. Selck und Partner\",\"vatID\":\"DE 232 366 651\",\"numberOfEmployees\":{\"@type\":\"QuantitativeValue\",\"minValue\":\"11\",\"maxValue\":\"50\"}}]}<\/script>\n<!-- \/ Yoast SEO Premium plugin. -->","yoast_head_json":{"title":"Team Development | PE Solution","robots":{"index":"index","follow":"follow","max-snippet":"max-snippet:-1","max-image-preview":"max-image-preview:large","max-video-preview":"max-video-preview:-1"},"canonical":"https:\/\/www.pe-solution.de\/en\/our-services\/team-development\/","og_locale":"en_US","og_type":"article","og_title":"Team Development","og_description":"Team DevelopmentWith our team development, we strengthen satisfaction and productivity in complex collaborative environments. We support the team in working together more consciously, focused, and effectively in currently challenging situations. The manager can contribute substantively without having to facilitate at the same time. In addition, we support both the manager and team members in their [&hellip;]","og_url":"https:\/\/www.pe-solution.de\/en\/our-services\/team-development\/","og_site_name":"PE Solution","article_publisher":"https:\/\/www.facebook.com\/PE-Solution-108011344893699\/","article_modified_time":"2025-12-05T09:35:51+00:00","og_image":[{"width":1920,"height":1080,"url":"https:\/\/www.pe-solution.de\/wp-content\/uploads\/2020\/01\/teamentwicklung_fotolia_84475014.jpg","type":"image\/jpeg"}],"twitter_card":"summary_large_image","twitter_misc":{"Est. reading time":"3 minutes"},"schema":{"@context":"https:\/\/schema.org","@graph":[{"@type":"WebPage","@id":"https:\/\/www.pe-solution.de\/en\/our-services\/team-development\/","url":"https:\/\/www.pe-solution.de\/en\/our-services\/team-development\/","name":"Team Development | PE Solution","isPartOf":{"@id":"https:\/\/www.pe-solution.de\/en\/#website"},"primaryImageOfPage":{"@id":"https:\/\/www.pe-solution.de\/en\/our-services\/team-development\/#primaryimage"},"image":{"@id":"https:\/\/www.pe-solution.de\/en\/our-services\/team-development\/#primaryimage"},"thumbnailUrl":"https:\/\/www.pe-solution.de\/wp-content\/uploads\/2020\/01\/teamentwicklung_fotolia_84475014.jpg","datePublished":"2025-10-01T07:27:27+00:00","dateModified":"2025-12-05T09:35:51+00:00","breadcrumb":{"@id":"https:\/\/www.pe-solution.de\/en\/our-services\/team-development\/#breadcrumb"},"inLanguage":"en-US","potentialAction":[{"@type":"ReadAction","target":["https:\/\/www.pe-solution.de\/en\/our-services\/team-development\/"]}]},{"@type":"ImageObject","inLanguage":"en-US","@id":"https:\/\/www.pe-solution.de\/en\/our-services\/team-development\/#primaryimage","url":"https:\/\/www.pe-solution.de\/wp-content\/uploads\/2020\/01\/teamentwicklung_fotolia_84475014.jpg","contentUrl":"https:\/\/www.pe-solution.de\/wp-content\/uploads\/2020\/01\/teamentwicklung_fotolia_84475014.jpg","width":1920,"height":1080,"caption":"The picture shows several hands of different people working together on a puzzle. The scene takes place on a rustic wooden table. Each hand is holding or moving a white puzzle piece, and the pieces appear to be trying to be put together. The hands appear to belong to different people, suggesting diversity in terms of age or gender. There is also a notepad with a pen on the table, suggesting collaboration or planning. The image conveys a sense of teamwork and collaboration, with everyone working together to complete the puzzle."},{"@type":"BreadcrumbList","@id":"https:\/\/www.pe-solution.de\/en\/our-services\/team-development\/#breadcrumb","itemListElement":[{"@type":"ListItem","position":1,"name":"Startseite","item":"https:\/\/www.pe-solution.de\/en\/"},{"@type":"ListItem","position":2,"name":"Our Services","item":"https:\/\/www.pe-solution.de\/en\/our-services\/"},{"@type":"ListItem","position":3,"name":"Team Development"}]},{"@type":"WebSite","@id":"https:\/\/www.pe-solution.de\/en\/#website","url":"https:\/\/www.pe-solution.de\/en\/","name":"PE Solution","description":"Psychologische Unternehmensberatung - Damit Menschen Gerne Arbeiten","publisher":{"@id":"https:\/\/www.pe-solution.de\/en\/#organization"},"potentialAction":[{"@type":"SearchAction","target":{"@type":"EntryPoint","urlTemplate":"https:\/\/www.pe-solution.de\/en\/?s={search_term_string}"},"query-input":{"@type":"PropertyValueSpecification","valueRequired":true,"valueName":"search_term_string"}}],"inLanguage":"en-US"},{"@type":"Organization","@id":"https:\/\/www.pe-solution.de\/en\/#organization","name":"PE Solution Dipl.-Psychologen und beratender Betriebswirt, Dr. Selck und Partner","alternateName":"PE Solution","url":"https:\/\/www.pe-solution.de\/en\/","logo":{"@type":"ImageObject","inLanguage":"en-US","@id":"https:\/\/www.pe-solution.de\/en\/#\/schema\/logo\/image\/","url":"https:\/\/www.pe-solution.de\/wp-content\/uploads\/2023\/06\/221010_pes_logo_zusatz_rot-grau_digital_L.png","contentUrl":"https:\/\/www.pe-solution.de\/wp-content\/uploads\/2023\/06\/221010_pes_logo_zusatz_rot-grau_digital_L.png","width":1181,"height":328,"caption":"PE Solution Dipl.-Psychologen und beratender Betriebswirt, Dr. Selck und Partner"},"image":{"@id":"https:\/\/www.pe-solution.de\/en\/#\/schema\/logo\/image\/"},"sameAs":["https:\/\/www.facebook.com\/PE-Solution-108011344893699\/","https:\/\/www.linkedin.com\/company\/pe-solution\/","https:\/\/www.instagram.com\/pe_solution\/"],"description":"PE Solution ist eine psychologische Unternehmensberatung mit einem interdisziplin\u00e4ren Team. Wir unterst\u00fctzen Unternehmen bei F\u00fchrung, Zusammenarbeit, Change-Prozessen sowie Organisations- und Prozessentwicklung.","email":"info@pe-solution.de","telephone":"0531120456789","legalName":"PE Solution Dipl.-Psychologen und beratender Betriebswirt, Dr. Selck und Partner","vatID":"DE 232 366 651","numberOfEmployees":{"@type":"QuantitativeValue","minValue":"11","maxValue":"50"}}]}},"_links":{"self":[{"href":"https:\/\/www.pe-solution.de\/en\/wp-json\/wp\/v2\/pages\/17347","targetHints":{"allow":["GET"]}}],"collection":[{"href":"https:\/\/www.pe-solution.de\/en\/wp-json\/wp\/v2\/pages"}],"about":[{"href":"https:\/\/www.pe-solution.de\/en\/wp-json\/wp\/v2\/types\/page"}],"author":[{"embeddable":true,"href":"https:\/\/www.pe-solution.de\/en\/wp-json\/wp\/v2\/users\/2"}],"replies":[{"embeddable":true,"href":"https:\/\/www.pe-solution.de\/en\/wp-json\/wp\/v2\/comments?post=17347"}],"version-history":[{"count":0,"href":"https:\/\/www.pe-solution.de\/en\/wp-json\/wp\/v2\/pages\/17347\/revisions"}],"up":[{"embeddable":true,"href":"https:\/\/www.pe-solution.de\/en\/wp-json\/wp\/v2\/pages\/16730"}],"wp:featuredmedia":[{"embeddable":true,"href":"https:\/\/www.pe-solution.de\/en\/wp-json\/wp\/v2\/media\/15063"}],"wp:attachment":[{"href":"https:\/\/www.pe-solution.de\/en\/wp-json\/wp\/v2\/media?parent=17347"}],"curies":[{"name":"wp","href":"https:\/\/api.w.org\/{rel}","templated":true}]}}