{"id":17197,"date":"2025-09-26T11:39:11","date_gmt":"2025-09-26T09:39:11","guid":{"rendered":"https:\/\/www.pe-solution.de\/?page_id=17197"},"modified":"2025-12-05T10:35:00","modified_gmt":"2025-12-05T09:35:00","slug":"development-programs","status":"publish","type":"page","link":"https:\/\/www.pe-solution.de\/en\/our-services\/development-programs\/","title":{"rendered":"Development Programs"},"content":{"rendered":"<p>[et_pb_section fb_built=&#8221;1&#8243; fullwidth=&#8221;on&#8221; _builder_version=&#8221;4.27.4&#8243; _module_preset=&#8221;default&#8221; locked=&#8221;off&#8221; global_colors_info=&#8221;{}&#8221;][et_pb_fullwidth_image src=&#8221;https:\/\/www.pe-solution.de\/wp-content\/uploads\/2020\/01\/entwicklungsprogramme_pe-solution_adobeStock_73472792.jpg&#8221; alt=&#8221;Das Bild zeigt ein Paar gr\u00fcne Schuhe, die auf einer asphaltierten Stra\u00dfe stehen, auf der viele wei\u00dfe Pfeile in verschiedene Richtungen gemalt sind.&#8221; title_text=&#8221;development-center_pe-solution_fotolia_84106534&#8243; _builder_version=&#8221;4.27.4&#8243; _module_preset=&#8221;default&#8221; global_colors_info=&#8221;{}&#8221;][\/et_pb_fullwidth_image][\/et_pb_section][et_pb_section fb_built=&#8221;1&#8243; _builder_version=&#8221;4.16&#8243; background_color=&#8221;#d6d6d6&#8243; background_color_phone=&#8221;#ffffff&#8221; background_last_edited=&#8221;on|phone&#8221; background_enable_color_phone=&#8221;on&#8221; locked=&#8221;off&#8221; global_colors_info=&#8221;{}&#8221;][et_pb_row _builder_version=&#8221;4.27.4&#8243; background_color=&#8221;#ffffff&#8221; custom_padding=&#8221;0px||20px||false|false&#8221; global_colors_info=&#8221;{}&#8221;][et_pb_column type=&#8221;4_4&#8243; _builder_version=&#8221;4.16&#8243; global_colors_info=&#8221;{}&#8221;][et_pb_text disabled_on=&#8221;off|off|off&#8221; _builder_version=&#8221;4.27.4&#8243; text_text_color=&#8221;#ffffff&#8221; header_font=&#8221;|600||on|||||&#8221; header_text_color=&#8221;#ffffff&#8221; header_font_size=&#8221;36px&#8221; header_line_height=&#8221;1.5em&#8221; background_color=&#8221;#AA9C76&#8243; custom_margin=&#8221;0px||24px||false|false&#8221; custom_padding=&#8221;10px||||false|false&#8221; header_font_size_tablet=&#8221;32px&#8221; header_font_size_phone=&#8221;28px&#8221; header_font_size_last_edited=&#8221;on|desktop&#8221; header_line_height_tablet=&#8221;&#8221; header_line_height_phone=&#8221;1.2em&#8221; header_line_height_last_edited=&#8221;on|phone&#8221; locked=&#8221;off&#8221; global_colors_info=&#8221;{}&#8221;]<\/p>\n<h1 style=\"text-align: center;\">Development Programs<\/h1>\n<p>[\/et_pb_text][et_pb_text _builder_version=&#8221;4.27.4&#8243; header_3_font=&#8221;||||||||&#8221; header_3_line_height=&#8221;1.4em&#8221; text_orientation=&#8221;justified&#8221; custom_margin=&#8221;||23px|||&#8221; custom_padding=&#8221;0px|30px|0px|30px|false|false&#8221; header_3_font_size_tablet=&#8221;&#8221; header_3_font_size_phone=&#8221;16px&#8221; header_3_font_size_last_edited=&#8221;on|phone&#8221; global_colors_info=&#8221;{}&#8221;]<\/p>\n<p><strong>With our development programs, we offer the classic among personnel development measures in a unique and modern form. By integrating our consulting approach<\/strong> <strong>Refl<em>ACTION<\/em><span class=\"reflaction-symbol\">\u00ae<\/span>, we ensure that leaders act with greater awareness, focus, and effectiveness, and shape collaboration that is characterized by mutual respect, constructive teamwork, and openness to change. Participants experience personal growth through increased clarity, confidence, and resilience. A well-designed combination of in-person and digital modules guarantees both efficiency and sustainable results.<\/strong><\/p>\n<p>[\/et_pb_text][et_pb_text content_tablet=&#8221;<\/p>\n<h2 style=%22text-align: center;%22>Wann ist ein Development-Center sinnvoll?<\/h2>\n<p>&#8221; content_phone=&#8221;<\/p>\n<h2 style=%22text-align: left;%22>Wann ist ein Development-Center sinnvoll?<\/h2>\n<p>&#8221; content_last_edited=&#8221;on|phone&#8221; disabled_on=&#8221;on|off|off&#8221; _builder_version=&#8221;4.27.4&#8243; text_text_color=&#8221;#0d8cd6&#8243; header_text_align=&#8221;center&#8221; header_text_color=&#8221;#0d8cd6&#8243; header_line_height=&#8221;1.4em&#8221; header_2_font=&#8221;|600|||||||&#8221; header_2_text_color=&#8221;#C60440&#8243; header_2_font_size=&#8221;28px&#8221; header_2_line_height=&#8221;1.3em&#8221; custom_padding=&#8221;|30px||30px|false|false&#8221; header_font_size_tablet=&#8221;&#8221; header_font_size_phone=&#8221;20px&#8221; header_font_size_last_edited=&#8221;on|phone&#8221; header_2_font_size_tablet=&#8221;24px&#8221; header_2_font_size_phone=&#8221;22px&#8221; header_2_font_size_last_edited=&#8221;on|phone&#8221; locked=&#8221;off&#8221; global_colors_info=&#8221;{}&#8221;]<\/p>\n<h2 style=\"text-align: center;\">When are development programs meaningful?<\/h2>\n<p>[\/et_pb_text][et_pb_text disabled_on=&#8221;off|off|off&#8221; admin_label=&#8221;Text&#8221; _builder_version=&#8221;4.27.4&#8243; header_3_font=&#8221;||on||||||&#8221; header_3_text_align=&#8221;center&#8221; header_3_line_height=&#8221;1.4em&#8221; text_orientation=&#8221;justified&#8221; custom_margin=&#8221;|30px|30px|30px|false|false&#8221; custom_margin_tablet=&#8221;|30px|20px|30px|false|false&#8221; custom_margin_phone=&#8221;|30px||30px|false|false&#8221; custom_margin_last_edited=&#8221;on|phone&#8221; custom_padding=&#8221;15px|20px|20px|20px|false|false&#8221; custom_padding_tablet=&#8221;&#8221; custom_padding_phone=&#8221;15px|20px|20px|20px|false|false&#8221; custom_padding_last_edited=&#8221;on|phone&#8221; header_3_font_size_tablet=&#8221;&#8221; header_3_font_size_phone=&#8221;16px&#8221; header_3_font_size_last_edited=&#8221;on|phone&#8221; border_width_all=&#8221;1px&#8221; locked=&#8221;off&#8221; global_colors_info=&#8221;{}&#8221;]<\/p>\n<p>\u201cIn our company we have identified talented future leaders as well as experienced executives with potential for senior management roles. How can we best support them on their career path so they achieve their full potential for themselves and the organization? How do we keep our seasoned leaders healthy and motivated?\u201d<\/p>\n<p><span style=\"color: #c60440;\">This is a typical starting point for successfully implementing development programs with PE Solution.<\/span><\/p>\n<p>[\/et_pb_text][et_pb_text _builder_version=&#8221;4.27.4&#8243; custom_margin=&#8221;||44px|||&#8221; custom_padding=&#8221;0px|30px||30px|false|false&#8221; custom_padding_tablet=&#8221;&#8221; custom_padding_phone=&#8221;0px|0px||0px|false|false&#8221; custom_padding_last_edited=&#8221;on|phone&#8221; text_line_height_tablet=&#8221;&#8221; text_line_height_phone=&#8221;1.3em&#8221; text_line_height_last_edited=&#8221;on|phone&#8221; text_orientation_tablet=&#8221;&#8221; text_orientation_phone=&#8221;justified&#8221; text_orientation_last_edited=&#8221;on|phone&#8221; global_colors_info=&#8221;{}&#8221;] Systematically attracting, retaining, and deploying employees according to their strengths has become essential for organizations. Effective development programs play a decisive role here, ensuring that what is learned reliably translates into practice.[\/et_pb_text][et_pb_text content_tablet=&#8221;<\/p>\n<h2 style=%22text-align: center;%22>Wann ist ein Development-Center sinnvoll?<\/h2>\n<p>&#8221; content_phone=&#8221;<\/p>\n<h2 style=%22text-align: left;%22>Wann ist ein Development-Center sinnvoll?<\/h2>\n<p>&#8221; content_last_edited=&#8221;on|phone&#8221; disabled_on=&#8221;on|off|off&#8221; _builder_version=&#8221;4.27.4&#8243; text_text_color=&#8221;#0d8cd6&#8243; header_text_align=&#8221;center&#8221; header_text_color=&#8221;#0d8cd6&#8243; header_line_height=&#8221;1.4em&#8221; header_2_font=&#8221;|600|||||||&#8221; header_2_text_color=&#8221;#C60440&#8243; header_2_font_size=&#8221;28px&#8221; header_2_line_height=&#8221;1.3em&#8221; custom_padding=&#8221;|30px||30px|false|false&#8221; header_font_size_tablet=&#8221;&#8221; header_font_size_phone=&#8221;20px&#8221; header_font_size_last_edited=&#8221;on|phone&#8221; header_2_font_size_tablet=&#8221;24px&#8221; header_2_font_size_phone=&#8221;22px&#8221; header_2_font_size_last_edited=&#8221;on|phone&#8221; locked=&#8221;off&#8221; global_colors_info=&#8221;{}&#8221;]<\/p>\n<h2 style=\"text-align: center;\">How do our development programs foster growth and effectiveness?<\/h2>\n<p>[\/et_pb_text][et_pb_text _builder_version=&#8221;4.27.4&#8243; custom_padding=&#8221;0px|30px|0px|30px|false|false&#8221; custom_padding_tablet=&#8221;&#8221; custom_padding_phone=&#8221;0px|0px||0px|false|false&#8221; custom_padding_last_edited=&#8221;on|phone&#8221; text_line_height_tablet=&#8221;&#8221; text_line_height_phone=&#8221;1.3em&#8221; text_line_height_last_edited=&#8221;on|phone&#8221; text_orientation_tablet=&#8221;&#8221; text_orientation_phone=&#8221;justified&#8221; text_orientation_last_edited=&#8221;on|phone&#8221; global_colors_info=&#8221;{}&#8221;]Every development program is tailored in close cooperation with the client and designed for the specific target group. Standard programs do not exist with us \u2013 we build on your needs, the learning fields of the participants, and the leadership principles of your organization. We see participants as drivers of their own development, with a strong focus on self-responsibility, self-direction, and the joy of learning.<\/p>\n<p>Typically, a program runs over nine months to two years. Fixed cross-functional groups create a foundation of trust that enables self-reflection and experimentation. The personal starting point is defined in a \u201cCheck-In,\u201d through conversations between participants, their managers, and trainers. Across several modules \u2013 usually four to six \u2013 we address the perspectives of (self-)leadership, people management, team leadership, system leadership, and change management. A variety of methods for knowledge transfer and behavioral training are combined with mindset work and the strengthening of self-regulation, while participants\u2019 real-life challenges and cases are directly integrated.<\/p>\n<p>In addition to in-person modules, we provide remote training sessions, (remote) coaching, and instructional videos. Learning nuggets, project work, experiential activities, and networking via virtual platforms (e.g. MS Teams) strengthen both self-responsibility and collaboration within the learning community. Programs conclude with a \u201cCheck-Out\u201d between participant and trainer, with a strong emphasis on transfer throughout the process. Participants define individual transfer tasks and next steps towards their development goals, commit to one another, and reflect on results in their \u201cLearning Journal,\u201d in learning partnerships, peer meet-ups, or follow-up sessions.<\/p>\n<p>We also actively involve participants\u2019 managers in the transfer process. They are trained in their role and supported through clear arrangements for continuous dialogue and active engagement.[\/et_pb_text][\/et_pb_column][\/et_pb_row][et_pb_row _builder_version=&#8221;4.27.4&#8243; background_color=&#8221;#AA9C76&#8243; custom_padding=&#8221;15px||48px||false|false&#8221; hover_enabled=&#8221;0&#8243; locked=&#8221;off&#8221; global_colors_info=&#8221;{}&#8221; sticky_enabled=&#8221;0&#8243;][et_pb_column type=&#8221;4_4&#8243; _builder_version=&#8221;4.16&#8243; global_colors_info=&#8221;{}&#8221;][et_pb_text _builder_version=&#8221;4.27.4&#8243; header_3_font=&#8221;|600|||||||&#8221; header_3_line_height=&#8221;1.3em&#8221; background_layout=&#8221;dark&#8221; custom_margin=&#8221;15px||0px||false|false&#8221; custom_padding=&#8221;|30px||30px|false|false&#8221; header_3_font_size_tablet=&#8221;20px&#8221; header_3_font_size_phone=&#8221;18px&#8221; header_3_font_size_last_edited=&#8221;on|phone&#8221; global_module=&#8221;17014&#8243; global_colors_info=&#8221;{}&#8221;]<\/p>\n<h3><strong>Let\u2019s take the first step together.<\/strong><\/h3>\n<p>[\/et_pb_text][et_pb_text _builder_version=&#8221;4.27.4&#8243; text_font=&#8221;||||||||&#8221; header_5_line_height=&#8221;1.7em&#8221; background_layout=&#8221;dark&#8221; custom_padding=&#8221;|30px||30px|false|false&#8221; global_module=&#8221;17012&#8243; saved_tabs=&#8221;all&#8221; global_colors_info=&#8221;{}&#8221;]<\/p>\n<p>Every transformation begins with dialogue \u2013 sometimes with just one question, sometimes with a short exchange. Tell us what drives you. We listen carefully, provide fresh impulses, and help you discover effective paths to further develop your goals.<\/p>\n<p>Contact us by phone or email \u2013 we look forward to starting the journey with you.<\/p>\n<p>Phone:\u00a0 <strong><a href=\"tel:+49531120456789\"><span style=\"color: #ffffff;\">+49 531 120 456 789<\/span><\/a><\/strong><br \/>\nEmail: \u00a0<span style=\"color: #ffffff;\"><strong><a href=\"mailto:info@pe-solution.de\" style=\"color: #ffffff;\">info@pe-solution.de<\/a><\/strong><\/span><\/p>\n<p>[\/et_pb_text][\/et_pb_column][\/et_pb_row][\/et_pb_section]<\/p>\n","protected":false},"excerpt":{"rendered":"<p>Development ProgramsWith our development programs, we offer the classic among personnel development measures in a unique and modern form. By integrating our consulting approach ReflACTION\u00ae, we ensure that leaders act with greater awareness, focus, and effectiveness, and shape collaboration that is characterized by mutual respect, constructive teamwork, and openness to change. Participants experience personal growth [&hellip;]<\/p>\n","protected":false},"author":2,"featured_media":15060,"parent":16730,"menu_order":0,"comment_status":"closed","ping_status":"closed","template":"","meta":{"_et_pb_use_builder":"on","_et_pb_old_content":"","_et_gb_content_width":"","footnotes":""},"class_list":["post-17197","page","type-page","status-publish","has-post-thumbnail","hentry"],"yoast_head":"<!-- This site is optimized with the Yoast SEO Premium plugin v27.4 (Yoast SEO v27.4) - https:\/\/yoast.com\/product\/yoast-seo-premium-wordpress\/ -->\n<title>Development Programs | PE Solution<\/title>\n<meta name=\"robots\" content=\"index, follow, max-snippet:-1, max-image-preview:large, max-video-preview:-1\" \/>\n<link rel=\"canonical\" href=\"https:\/\/www.pe-solution.de\/en\/our-services\/development-programs\/\" \/>\n<meta property=\"og:locale\" content=\"en_US\" \/>\n<meta property=\"og:type\" content=\"article\" \/>\n<meta property=\"og:title\" content=\"Development Programs\" \/>\n<meta property=\"og:description\" content=\"Development ProgramsWith our development programs, we offer the classic among personnel development measures in a unique and modern form. By integrating our consulting approach ReflACTION\u00ae, we ensure that leaders act with greater awareness, focus, and effectiveness, and shape collaboration that is characterized by mutual respect, constructive teamwork, and openness to change. Participants experience personal growth [&hellip;]\" \/>\n<meta property=\"og:url\" content=\"https:\/\/www.pe-solution.de\/en\/our-services\/development-programs\/\" \/>\n<meta property=\"og:site_name\" content=\"PE Solution\" \/>\n<meta property=\"article:publisher\" content=\"https:\/\/www.facebook.com\/PE-Solution-108011344893699\/\" \/>\n<meta property=\"article:modified_time\" content=\"2025-12-05T09:35:00+00:00\" \/>\n<meta property=\"og:image\" content=\"https:\/\/www.pe-solution.de\/wp-content\/uploads\/2020\/01\/entwicklungsprogramme_pe-solution_adobeStock_73472792.jpg\" \/>\n\t<meta property=\"og:image:width\" content=\"1920\" \/>\n\t<meta property=\"og:image:height\" content=\"1080\" \/>\n\t<meta property=\"og:image:type\" content=\"image\/jpeg\" \/>\n<meta name=\"twitter:card\" content=\"summary_large_image\" \/>\n<meta name=\"twitter:label1\" content=\"Est. reading time\" \/>\n\t<meta name=\"twitter:data1\" content=\"4 minutes\" \/>\n<script type=\"application\/ld+json\" class=\"yoast-schema-graph\">{\"@context\":\"https:\\\/\\\/schema.org\",\"@graph\":[{\"@type\":\"WebPage\",\"@id\":\"https:\\\/\\\/www.pe-solution.de\\\/en\\\/our-services\\\/development-programs\\\/\",\"url\":\"https:\\\/\\\/www.pe-solution.de\\\/en\\\/our-services\\\/development-programs\\\/\",\"name\":\"Development Programs | PE Solution\",\"isPartOf\":{\"@id\":\"https:\\\/\\\/www.pe-solution.de\\\/en\\\/#website\"},\"primaryImageOfPage\":{\"@id\":\"https:\\\/\\\/www.pe-solution.de\\\/en\\\/our-services\\\/development-programs\\\/#primaryimage\"},\"image\":{\"@id\":\"https:\\\/\\\/www.pe-solution.de\\\/en\\\/our-services\\\/development-programs\\\/#primaryimage\"},\"thumbnailUrl\":\"https:\\\/\\\/www.pe-solution.de\\\/wp-content\\\/uploads\\\/2020\\\/01\\\/entwicklungsprogramme_pe-solution_adobeStock_73472792.jpg\",\"datePublished\":\"2025-09-26T09:39:11+00:00\",\"dateModified\":\"2025-12-05T09:35:00+00:00\",\"breadcrumb\":{\"@id\":\"https:\\\/\\\/www.pe-solution.de\\\/en\\\/our-services\\\/development-programs\\\/#breadcrumb\"},\"inLanguage\":\"en-US\",\"potentialAction\":[{\"@type\":\"ReadAction\",\"target\":[\"https:\\\/\\\/www.pe-solution.de\\\/en\\\/our-services\\\/development-programs\\\/\"]}]},{\"@type\":\"ImageObject\",\"inLanguage\":\"en-US\",\"@id\":\"https:\\\/\\\/www.pe-solution.de\\\/en\\\/our-services\\\/development-programs\\\/#primaryimage\",\"url\":\"https:\\\/\\\/www.pe-solution.de\\\/wp-content\\\/uploads\\\/2020\\\/01\\\/entwicklungsprogramme_pe-solution_adobeStock_73472792.jpg\",\"contentUrl\":\"https:\\\/\\\/www.pe-solution.de\\\/wp-content\\\/uploads\\\/2020\\\/01\\\/entwicklungsprogramme_pe-solution_adobeStock_73472792.jpg\",\"width\":1920,\"height\":1080,\"caption\":\"A hand reaches for several old keys hanging on strings from above. The background is dark.\"},{\"@type\":\"BreadcrumbList\",\"@id\":\"https:\\\/\\\/www.pe-solution.de\\\/en\\\/our-services\\\/development-programs\\\/#breadcrumb\",\"itemListElement\":[{\"@type\":\"ListItem\",\"position\":1,\"name\":\"Startseite\",\"item\":\"https:\\\/\\\/www.pe-solution.de\\\/en\\\/\"},{\"@type\":\"ListItem\",\"position\":2,\"name\":\"Our Services\",\"item\":\"https:\\\/\\\/www.pe-solution.de\\\/en\\\/our-services\\\/\"},{\"@type\":\"ListItem\",\"position\":3,\"name\":\"Development Programs\"}]},{\"@type\":\"WebSite\",\"@id\":\"https:\\\/\\\/www.pe-solution.de\\\/en\\\/#website\",\"url\":\"https:\\\/\\\/www.pe-solution.de\\\/en\\\/\",\"name\":\"PE Solution\",\"description\":\"Psychologische Unternehmensberatung - Damit Menschen Gerne Arbeiten\",\"publisher\":{\"@id\":\"https:\\\/\\\/www.pe-solution.de\\\/en\\\/#organization\"},\"potentialAction\":[{\"@type\":\"SearchAction\",\"target\":{\"@type\":\"EntryPoint\",\"urlTemplate\":\"https:\\\/\\\/www.pe-solution.de\\\/en\\\/?s={search_term_string}\"},\"query-input\":{\"@type\":\"PropertyValueSpecification\",\"valueRequired\":true,\"valueName\":\"search_term_string\"}}],\"inLanguage\":\"en-US\"},{\"@type\":\"Organization\",\"@id\":\"https:\\\/\\\/www.pe-solution.de\\\/en\\\/#organization\",\"name\":\"PE Solution Dipl.-Psychologen und beratender Betriebswirt, Dr. Selck und Partner\",\"alternateName\":\"PE Solution\",\"url\":\"https:\\\/\\\/www.pe-solution.de\\\/en\\\/\",\"logo\":{\"@type\":\"ImageObject\",\"inLanguage\":\"en-US\",\"@id\":\"https:\\\/\\\/www.pe-solution.de\\\/en\\\/#\\\/schema\\\/logo\\\/image\\\/\",\"url\":\"https:\\\/\\\/www.pe-solution.de\\\/wp-content\\\/uploads\\\/2023\\\/06\\\/221010_pes_logo_zusatz_rot-grau_digital_L.png\",\"contentUrl\":\"https:\\\/\\\/www.pe-solution.de\\\/wp-content\\\/uploads\\\/2023\\\/06\\\/221010_pes_logo_zusatz_rot-grau_digital_L.png\",\"width\":1181,\"height\":328,\"caption\":\"PE Solution Dipl.-Psychologen und beratender Betriebswirt, Dr. Selck und Partner\"},\"image\":{\"@id\":\"https:\\\/\\\/www.pe-solution.de\\\/en\\\/#\\\/schema\\\/logo\\\/image\\\/\"},\"sameAs\":[\"https:\\\/\\\/www.facebook.com\\\/PE-Solution-108011344893699\\\/\",\"https:\\\/\\\/www.linkedin.com\\\/company\\\/pe-solution\\\/\",\"https:\\\/\\\/www.instagram.com\\\/pe_solution\\\/\"],\"description\":\"PE Solution ist eine psychologische Unternehmensberatung mit einem interdisziplin\u00e4ren Team. Wir unterst\u00fctzen Unternehmen bei F\u00fchrung, Zusammenarbeit, Change-Prozessen sowie Organisations- und Prozessentwicklung.\",\"email\":\"info@pe-solution.de\",\"telephone\":\"0531120456789\",\"legalName\":\"PE Solution Dipl.-Psychologen und beratender Betriebswirt, Dr. Selck und Partner\",\"vatID\":\"DE 232 366 651\",\"numberOfEmployees\":{\"@type\":\"QuantitativeValue\",\"minValue\":\"11\",\"maxValue\":\"50\"}}]}<\/script>\n<!-- \/ Yoast SEO Premium plugin. -->","yoast_head_json":{"title":"Development Programs | PE Solution","robots":{"index":"index","follow":"follow","max-snippet":"max-snippet:-1","max-image-preview":"max-image-preview:large","max-video-preview":"max-video-preview:-1"},"canonical":"https:\/\/www.pe-solution.de\/en\/our-services\/development-programs\/","og_locale":"en_US","og_type":"article","og_title":"Development Programs","og_description":"Development ProgramsWith our development programs, we offer the classic among personnel development measures in a unique and modern form. By integrating our consulting approach ReflACTION\u00ae, we ensure that leaders act with greater awareness, focus, and effectiveness, and shape collaboration that is characterized by mutual respect, constructive teamwork, and openness to change. Participants experience personal growth [&hellip;]","og_url":"https:\/\/www.pe-solution.de\/en\/our-services\/development-programs\/","og_site_name":"PE Solution","article_publisher":"https:\/\/www.facebook.com\/PE-Solution-108011344893699\/","article_modified_time":"2025-12-05T09:35:00+00:00","og_image":[{"width":1920,"height":1080,"url":"https:\/\/www.pe-solution.de\/wp-content\/uploads\/2020\/01\/entwicklungsprogramme_pe-solution_adobeStock_73472792.jpg","type":"image\/jpeg"}],"twitter_card":"summary_large_image","twitter_misc":{"Est. reading time":"4 minutes"},"schema":{"@context":"https:\/\/schema.org","@graph":[{"@type":"WebPage","@id":"https:\/\/www.pe-solution.de\/en\/our-services\/development-programs\/","url":"https:\/\/www.pe-solution.de\/en\/our-services\/development-programs\/","name":"Development Programs | PE Solution","isPartOf":{"@id":"https:\/\/www.pe-solution.de\/en\/#website"},"primaryImageOfPage":{"@id":"https:\/\/www.pe-solution.de\/en\/our-services\/development-programs\/#primaryimage"},"image":{"@id":"https:\/\/www.pe-solution.de\/en\/our-services\/development-programs\/#primaryimage"},"thumbnailUrl":"https:\/\/www.pe-solution.de\/wp-content\/uploads\/2020\/01\/entwicklungsprogramme_pe-solution_adobeStock_73472792.jpg","datePublished":"2025-09-26T09:39:11+00:00","dateModified":"2025-12-05T09:35:00+00:00","breadcrumb":{"@id":"https:\/\/www.pe-solution.de\/en\/our-services\/development-programs\/#breadcrumb"},"inLanguage":"en-US","potentialAction":[{"@type":"ReadAction","target":["https:\/\/www.pe-solution.de\/en\/our-services\/development-programs\/"]}]},{"@type":"ImageObject","inLanguage":"en-US","@id":"https:\/\/www.pe-solution.de\/en\/our-services\/development-programs\/#primaryimage","url":"https:\/\/www.pe-solution.de\/wp-content\/uploads\/2020\/01\/entwicklungsprogramme_pe-solution_adobeStock_73472792.jpg","contentUrl":"https:\/\/www.pe-solution.de\/wp-content\/uploads\/2020\/01\/entwicklungsprogramme_pe-solution_adobeStock_73472792.jpg","width":1920,"height":1080,"caption":"A hand reaches for several old keys hanging on strings from above. The background is dark."},{"@type":"BreadcrumbList","@id":"https:\/\/www.pe-solution.de\/en\/our-services\/development-programs\/#breadcrumb","itemListElement":[{"@type":"ListItem","position":1,"name":"Startseite","item":"https:\/\/www.pe-solution.de\/en\/"},{"@type":"ListItem","position":2,"name":"Our Services","item":"https:\/\/www.pe-solution.de\/en\/our-services\/"},{"@type":"ListItem","position":3,"name":"Development Programs"}]},{"@type":"WebSite","@id":"https:\/\/www.pe-solution.de\/en\/#website","url":"https:\/\/www.pe-solution.de\/en\/","name":"PE Solution","description":"Psychologische Unternehmensberatung - Damit Menschen Gerne Arbeiten","publisher":{"@id":"https:\/\/www.pe-solution.de\/en\/#organization"},"potentialAction":[{"@type":"SearchAction","target":{"@type":"EntryPoint","urlTemplate":"https:\/\/www.pe-solution.de\/en\/?s={search_term_string}"},"query-input":{"@type":"PropertyValueSpecification","valueRequired":true,"valueName":"search_term_string"}}],"inLanguage":"en-US"},{"@type":"Organization","@id":"https:\/\/www.pe-solution.de\/en\/#organization","name":"PE Solution Dipl.-Psychologen und beratender Betriebswirt, Dr. Selck und Partner","alternateName":"PE Solution","url":"https:\/\/www.pe-solution.de\/en\/","logo":{"@type":"ImageObject","inLanguage":"en-US","@id":"https:\/\/www.pe-solution.de\/en\/#\/schema\/logo\/image\/","url":"https:\/\/www.pe-solution.de\/wp-content\/uploads\/2023\/06\/221010_pes_logo_zusatz_rot-grau_digital_L.png","contentUrl":"https:\/\/www.pe-solution.de\/wp-content\/uploads\/2023\/06\/221010_pes_logo_zusatz_rot-grau_digital_L.png","width":1181,"height":328,"caption":"PE Solution Dipl.-Psychologen und beratender Betriebswirt, Dr. Selck und Partner"},"image":{"@id":"https:\/\/www.pe-solution.de\/en\/#\/schema\/logo\/image\/"},"sameAs":["https:\/\/www.facebook.com\/PE-Solution-108011344893699\/","https:\/\/www.linkedin.com\/company\/pe-solution\/","https:\/\/www.instagram.com\/pe_solution\/"],"description":"PE Solution ist eine psychologische Unternehmensberatung mit einem interdisziplin\u00e4ren Team. Wir unterst\u00fctzen Unternehmen bei F\u00fchrung, Zusammenarbeit, Change-Prozessen sowie Organisations- und Prozessentwicklung.","email":"info@pe-solution.de","telephone":"0531120456789","legalName":"PE Solution Dipl.-Psychologen und beratender Betriebswirt, Dr. Selck und Partner","vatID":"DE 232 366 651","numberOfEmployees":{"@type":"QuantitativeValue","minValue":"11","maxValue":"50"}}]}},"_links":{"self":[{"href":"https:\/\/www.pe-solution.de\/en\/wp-json\/wp\/v2\/pages\/17197","targetHints":{"allow":["GET"]}}],"collection":[{"href":"https:\/\/www.pe-solution.de\/en\/wp-json\/wp\/v2\/pages"}],"about":[{"href":"https:\/\/www.pe-solution.de\/en\/wp-json\/wp\/v2\/types\/page"}],"author":[{"embeddable":true,"href":"https:\/\/www.pe-solution.de\/en\/wp-json\/wp\/v2\/users\/2"}],"replies":[{"embeddable":true,"href":"https:\/\/www.pe-solution.de\/en\/wp-json\/wp\/v2\/comments?post=17197"}],"version-history":[{"count":0,"href":"https:\/\/www.pe-solution.de\/en\/wp-json\/wp\/v2\/pages\/17197\/revisions"}],"up":[{"embeddable":true,"href":"https:\/\/www.pe-solution.de\/en\/wp-json\/wp\/v2\/pages\/16730"}],"wp:featuredmedia":[{"embeddable":true,"href":"https:\/\/www.pe-solution.de\/en\/wp-json\/wp\/v2\/media\/15060"}],"wp:attachment":[{"href":"https:\/\/www.pe-solution.de\/en\/wp-json\/wp\/v2\/media?parent=17197"}],"curies":[{"name":"wp","href":"https:\/\/api.w.org\/{rel}","templated":true}]}}