{"id":17175,"date":"2025-09-26T11:03:09","date_gmt":"2025-09-26T09:03:09","guid":{"rendered":"https:\/\/www.pe-solution.de\/?page_id=17175"},"modified":"2025-12-04T09:24:41","modified_gmt":"2025-12-04T08:24:41","slug":"leadership-feedback","status":"publish","type":"page","link":"https:\/\/www.pe-solution.de\/en\/our-services\/leadership-feedback\/","title":{"rendered":"Leadership Feedback"},"content":{"rendered":"<p>[et_pb_section fb_built=&#8221;1&#8243; fullwidth=&#8221;on&#8221; _builder_version=&#8221;4.27.4&#8243; _module_preset=&#8221;default&#8221; locked=&#8221;off&#8221; global_colors_info=&#8221;{}&#8221;][et_pb_fullwidth_image src=&#8221;https:\/\/www.pe-solution.de\/wp-content\/uploads\/2020\/01\/fuehrungskraefte-feedback_pe-solution.jpg&#8221; alt=&#8221;Das Bild zeigt ein Paar gr\u00fcne Schuhe, die auf einer asphaltierten Stra\u00dfe stehen, auf der viele wei\u00dfe Pfeile in verschiedene Richtungen gemalt sind.&#8221; title_text=&#8221;development-center_pe-solution_fotolia_84106534&#8243; _builder_version=&#8221;4.27.4&#8243; _module_preset=&#8221;default&#8221; global_colors_info=&#8221;{}&#8221;][\/et_pb_fullwidth_image][\/et_pb_section][et_pb_section fb_built=&#8221;1&#8243; _builder_version=&#8221;4.16&#8243; background_color=&#8221;#d6d6d6&#8243; locked=&#8221;off&#8221; global_colors_info=&#8221;{}&#8221;][et_pb_row _builder_version=&#8221;4.27.4&#8243; background_color=&#8221;#ffffff&#8221; custom_padding=&#8221;0px||||false|false&#8221; global_colors_info=&#8221;{}&#8221;][et_pb_column type=&#8221;4_4&#8243; _builder_version=&#8221;4.16&#8243; global_colors_info=&#8221;{}&#8221;][et_pb_text disabled_on=&#8221;off|off|off&#8221; _builder_version=&#8221;4.27.4&#8243; text_text_color=&#8221;#ffffff&#8221; header_font=&#8221;|600||on|||||&#8221; header_text_color=&#8221;#ffffff&#8221; header_font_size=&#8221;36px&#8221; header_line_height=&#8221;1.5em&#8221; background_color=&#8221;#C60440&#8243; custom_margin=&#8221;0px||24px||false|false&#8221; custom_padding=&#8221;10px||||false|false&#8221; header_font_size_tablet=&#8221;32px&#8221; header_font_size_phone=&#8221;28px&#8221; header_font_size_last_edited=&#8221;on|desktop&#8221; header_line_height_tablet=&#8221;&#8221; header_line_height_phone=&#8221;1.2em&#8221; header_line_height_last_edited=&#8221;on|phone&#8221; locked=&#8221;off&#8221; global_colors_info=&#8221;{}&#8221;]<\/p>\n<h1 style=\"text-align: center;\">Leadership Feedback<\/h1>\n<p>[\/et_pb_text][et_pb_text _builder_version=&#8221;4.27.4&#8243; header_3_font=&#8221;||||||||&#8221; header_3_line_height=&#8221;1.4em&#8221; text_orientation=&#8221;justified&#8221; custom_margin=&#8221;||23px|||&#8221; custom_padding=&#8221;0px|30px|0px|30px|false|false&#8221; hover_enabled=&#8221;0&#8243; header_3_font_size_tablet=&#8221;&#8221; header_3_font_size_phone=&#8221;16px&#8221; header_3_font_size_last_edited=&#8221;on|phone&#8221; global_colors_info=&#8221;{}&#8221; sticky_enabled=&#8221;0&#8243;]<\/p>\n<p><strong>Leadership feedback helps managers and employees become more effective together and strengthen their collaboration.<\/strong><br data-start=\"218\" data-end=\"221\" \/><strong>Our experience shows that this kind of multifaceted feedback is perceived by participants as appreciation and as support for their own development as leaders. Focusing on each individual\u2019s strengths has a particularly positive impact on the sustainability of their development.<\/strong><\/p>\n<p>[\/et_pb_text][et_pb_text disabled_on=&#8221;on|off|off&#8221; _builder_version=&#8221;4.27.4&#8243; text_text_color=&#8221;#0d8cd6&#8243; header_text_align=&#8221;center&#8221; header_text_color=&#8221;#0d8cd6&#8243; header_line_height=&#8221;1.4em&#8221; header_2_font=&#8221;|600|||||||&#8221; header_2_text_align=&#8221;center&#8221; header_2_text_color=&#8221;#C60440&#8243; header_2_font_size=&#8221;28px&#8221; header_2_line_height=&#8221;1.3em&#8221; custom_padding=&#8221;|30px||30px|false|false&#8221; hover_enabled=&#8221;0&#8243; header_font_size_tablet=&#8221;&#8221; header_font_size_phone=&#8221;20px&#8221; header_font_size_last_edited=&#8221;on|phone&#8221; header_2_text_align_tablet=&#8221;center&#8221; header_2_text_align_phone=&#8221;left&#8221; header_2_text_align_last_edited=&#8221;on|phone&#8221; header_2_font_size_tablet=&#8221;24px&#8221; header_2_font_size_phone=&#8221;22px&#8221; header_2_font_size_last_edited=&#8221;on|phone&#8221; global_colors_info=&#8221;{}&#8221; sticky_enabled=&#8221;0&#8243;]<\/p>\n<h2>When is leadership feedback beneficial?<\/h2>\n<p>[\/et_pb_text][et_pb_text disabled_on=&#8221;off|off|off&#8221; admin_label=&#8221;Text&#8221; _builder_version=&#8221;4.27.4&#8243; header_3_font=&#8221;||on||||||&#8221; header_3_text_align=&#8221;center&#8221; header_3_line_height=&#8221;1.4em&#8221; text_orientation=&#8221;justified&#8221; custom_margin=&#8221;|30px|30px|30px|false|false&#8221; custom_margin_tablet=&#8221;|30px|20px|30px|false|false&#8221; custom_margin_phone=&#8221;|30px||30px|false|false&#8221; custom_margin_last_edited=&#8221;on|phone&#8221; custom_padding=&#8221;15px|20px|20px|20px|false|false&#8221; custom_padding_tablet=&#8221;&#8221; custom_padding_phone=&#8221;15px|20px|20px|20px|false|false&#8221; custom_padding_last_edited=&#8221;on|phone&#8221; hover_enabled=&#8221;0&#8243; header_3_font_size_tablet=&#8221;&#8221; header_3_font_size_phone=&#8221;16px&#8221; header_3_font_size_last_edited=&#8221;on|phone&#8221; border_width_all=&#8221;1px&#8221; locked=&#8221;off&#8221; global_colors_info=&#8221;{}&#8221; sticky_enabled=&#8221;0&#8243;]<\/p>\n<p data-start=\"89\" data-end=\"246\">\u201cWe want to change our leadership culture! Digitalization and new ways of working also require a shift in leadership mindset. But where should we start?\u201d<\/p>\n<p><span style=\"color: #dc2353;\">A typical starting point for successful implementation with PE Solution. \u00a0<\/span><\/p>\n<p>[\/et_pb_text][et_pb_text _builder_version=&#8221;4.27.4&#8243; text_line_height=&#8221;1.8em&#8221; custom_padding=&#8221;0px|30px||30px|false|false&#8221; hover_enabled=&#8221;0&#8243; global_colors_info=&#8221;{}&#8221; sticky_enabled=&#8221;0&#8243;]<\/p>\n<p><span>Feedback makes an important contribution to development. When used correctly, it triggers learning processes, strengthens communication, and supports solution-oriented collaboration.<\/span><br data-start=\"275\" data-end=\"278\" \/><span>You know that your leadership culture needs to change but are unsure where to start? Or you want to support emerging leaders? In that case, leadership feedback is the tool of choice. It provides a clear picture of the current situation, enabling you to initiate targeted measures for the transformation process.<\/span><\/p>\n<p>[\/et_pb_text][et_pb_text disabled_on=&#8221;on|off|off&#8221; _builder_version=&#8221;4.27.4&#8243; text_text_color=&#8221;#0d8cd6&#8243; header_text_align=&#8221;center&#8221; header_text_color=&#8221;#0d8cd6&#8243; header_line_height=&#8221;1.4em&#8221; header_2_font=&#8221;|600|||||||&#8221; header_2_text_align=&#8221;center&#8221; header_2_text_color=&#8221;#C60440&#8243; header_2_font_size=&#8221;28px&#8221; header_2_line_height=&#8221;1.3em&#8221; custom_padding=&#8221;|30px||30px|false|false&#8221; hover_enabled=&#8221;0&#8243; header_font_size_tablet=&#8221;&#8221; header_font_size_phone=&#8221;20px&#8221; header_font_size_last_edited=&#8221;on|phone&#8221; header_2_text_align_tablet=&#8221;center&#8221; header_2_text_align_phone=&#8221;left&#8221; header_2_text_align_last_edited=&#8221;on|phone&#8221; header_2_font_size_tablet=&#8221;24px&#8221; header_2_font_size_phone=&#8221;22px&#8221; header_2_font_size_last_edited=&#8221;on|phone&#8221; global_colors_info=&#8221;{}&#8221; sticky_enabled=&#8221;0&#8243;]<\/p>\n<h2>How does our leadership feedback create impact?<\/h2>\n<p>[\/et_pb_text][et_pb_text _builder_version=&#8221;4.27.4&#8243; text_line_height=&#8221;1.8em&#8221; custom_padding=&#8221;0px|30px|20px|30px|false|false&#8221; hover_enabled=&#8221;0&#8243; global_colors_info=&#8221;{}&#8221; sticky_enabled=&#8221;0&#8243;]<\/p>\n<p data-start=\"107\" data-end=\"838\">A leadership feedback process conducted by us is built on several key pillars. Clarifying objectives and defining a competency profile form the foundation. An online survey has proven effective for gathering data, from which a report for the feedback recipient is generated. In a subsequent consultation with PE Solution, the results are discussed, and focus areas for the follow-up workshop are identified. The workshop, moderated by us, brings together the leader and the feedback providers. Its goal is to create a space for discussing the results and to establish agreements that support the desired development. Optionally, a follow-up consultation can take place a few months later to review progress in the change process.<\/p>\n<p data-start=\"840\" data-end=\"1153\">At the start of such a project, it is important to clearly define roles and responsibilities and to assemble a capable team of internal and external stakeholders to manage the overall process. Whether 180\u00b0, 270\u00b0, or 360\u00b0 feedback \u2014 together with us, you decide who will act as feedback recipients and providers.<\/p>\n<p data-start=\"1155\" data-end=\"1663\">Once a rough timeline has been agreed upon, we move to gathering the requirements for your leaders, which form the basis for the online survey. In this phase, you benefit from our extensive experience in management diagnostics, enabling us to formulate clear questions based on competency models or leadership guidelines and to apply an appropriate scaling. The technical implementation of the survey and the subsequent report generation are handled internally and follow current data security regulations.<\/p>\n<p data-start=\"1665\" data-end=\"1996\">For consultations and workshops, we provide experienced facilitators who encourage leaders to engage with their personal learning areas and recognize their individual resources. Using our psychological expertise and a broad methodological repertoire, we constructively foster a respectful approach and a results-oriented process.<\/p>\n<p data-start=\"1998\" data-end=\"2163\">When conducted in this way, leadership feedback positively impacts not only the development of the leader but also communication and collaboration within the team.<\/p>\n<p>[\/et_pb_text][\/et_pb_column][\/et_pb_row][et_pb_row _builder_version=&#8221;4.27.4&#8243; background_color=&#8221;#C60440&#8243; custom_padding=&#8221;||48px|||&#8221; locked=&#8221;off&#8221; global_colors_info=&#8221;{}&#8221;][et_pb_column type=&#8221;4_4&#8243; _builder_version=&#8221;4.16&#8243; global_colors_info=&#8221;{}&#8221;][et_pb_text _builder_version=&#8221;4.27.4&#8243; header_3_font=&#8221;|600|||||||&#8221; header_3_line_height=&#8221;1.3em&#8221; background_layout=&#8221;dark&#8221; custom_margin=&#8221;15px||0px||false|false&#8221; custom_padding=&#8221;|30px||30px|false|false&#8221; header_3_font_size_tablet=&#8221;20px&#8221; header_3_font_size_phone=&#8221;18px&#8221; header_3_font_size_last_edited=&#8221;on|phone&#8221; global_module=&#8221;17014&#8243; global_colors_info=&#8221;{}&#8221;]<\/p>\n<h3><strong>Let\u2019s take the first step together.<\/strong><\/h3>\n<p>[\/et_pb_text][et_pb_text _builder_version=&#8221;4.27.4&#8243; text_font=&#8221;||||||||&#8221; header_5_line_height=&#8221;1.7em&#8221; background_layout=&#8221;dark&#8221; custom_padding=&#8221;|30px||30px|false|false&#8221; global_module=&#8221;17012&#8243; saved_tabs=&#8221;all&#8221; global_colors_info=&#8221;{}&#8221;]<\/p>\n<p>Every transformation begins with dialogue \u2013 sometimes with just one question, sometimes with a short exchange. Tell us what drives you. We listen carefully, provide fresh impulses, and help you discover effective paths to further develop your goals.<\/p>\n<p>Contact us by phone or email \u2013 we look forward to starting the journey with you.<\/p>\n<p>Phone:\u00a0 <strong><a href=\"tel:+49531120456789\"><span style=\"color: #ffffff;\">+49 531 120 456 789<\/span><\/a><\/strong><br \/>Email: \u00a0<span style=\"color: #ffffff;\"><strong><a href=\"mailto:info@pe-solution.de\" style=\"color: #ffffff;\">info@pe-solution.de<\/a><\/strong><\/span><\/p>\n<p>[\/et_pb_text][\/et_pb_column][\/et_pb_row][\/et_pb_section]<\/p>\n","protected":false},"excerpt":{"rendered":"<p>Leadership FeedbackLeadership feedback helps managers and employees become more effective together and strengthen their collaboration.Our experience shows that this kind of multifaceted feedback is perceived by participants as appreciation and as support for their own development as leaders. Focusing on each individual\u2019s strengths has a particularly positive impact on the sustainability of their development.When is [&hellip;]<\/p>\n","protected":false},"author":2,"featured_media":15485,"parent":16730,"menu_order":0,"comment_status":"closed","ping_status":"closed","template":"","meta":{"_et_pb_use_builder":"on","_et_pb_old_content":"","_et_gb_content_width":"","footnotes":""},"class_list":["post-17175","page","type-page","status-publish","has-post-thumbnail","hentry"],"yoast_head":"<!-- This site is optimized with the Yoast SEO Premium plugin v27.4 (Yoast SEO v27.4) - https:\/\/yoast.com\/product\/yoast-seo-premium-wordpress\/ -->\n<title>Leadership Feedback | PE Solution<\/title>\n<meta name=\"robots\" content=\"index, follow, max-snippet:-1, max-image-preview:large, max-video-preview:-1\" \/>\n<link rel=\"canonical\" href=\"https:\/\/www.pe-solution.de\/en\/our-services\/leadership-feedback\/\" \/>\n<meta property=\"og:locale\" content=\"en_US\" \/>\n<meta property=\"og:type\" content=\"article\" \/>\n<meta property=\"og:title\" content=\"Leadership Feedback\" \/>\n<meta property=\"og:description\" content=\"Leadership FeedbackLeadership feedback helps managers and employees become more effective together and strengthen their collaboration.Our experience shows that this kind of multifaceted feedback is perceived by participants as appreciation and as support for their own development as leaders. Focusing on each individual\u2019s strengths has a particularly positive impact on the sustainability of their development.When is [&hellip;]\" \/>\n<meta property=\"og:url\" content=\"https:\/\/www.pe-solution.de\/en\/our-services\/leadership-feedback\/\" \/>\n<meta property=\"og:site_name\" content=\"PE Solution\" \/>\n<meta property=\"article:publisher\" content=\"https:\/\/www.facebook.com\/PE-Solution-108011344893699\/\" \/>\n<meta property=\"article:modified_time\" content=\"2025-12-04T08:24:41+00:00\" \/>\n<meta property=\"og:image\" content=\"https:\/\/www.pe-solution.de\/wp-content\/uploads\/2024\/06\/fuehrungskraefte-feedback.webp\" \/>\n\t<meta property=\"og:image:width\" content=\"1920\" \/>\n\t<meta property=\"og:image:height\" content=\"1080\" \/>\n\t<meta property=\"og:image:type\" content=\"image\/webp\" \/>\n<meta name=\"twitter:card\" content=\"summary_large_image\" \/>\n<meta name=\"twitter:label1\" content=\"Est. reading time\" \/>\n\t<meta name=\"twitter:data1\" content=\"4 minutes\" \/>\n<script type=\"application\/ld+json\" class=\"yoast-schema-graph\">{\"@context\":\"https:\\\/\\\/schema.org\",\"@graph\":[{\"@type\":\"WebPage\",\"@id\":\"https:\\\/\\\/www.pe-solution.de\\\/en\\\/our-services\\\/leadership-feedback\\\/\",\"url\":\"https:\\\/\\\/www.pe-solution.de\\\/en\\\/our-services\\\/leadership-feedback\\\/\",\"name\":\"Leadership Feedback | PE Solution\",\"isPartOf\":{\"@id\":\"https:\\\/\\\/www.pe-solution.de\\\/en\\\/#website\"},\"primaryImageOfPage\":{\"@id\":\"https:\\\/\\\/www.pe-solution.de\\\/en\\\/our-services\\\/leadership-feedback\\\/#primaryimage\"},\"image\":{\"@id\":\"https:\\\/\\\/www.pe-solution.de\\\/en\\\/our-services\\\/leadership-feedback\\\/#primaryimage\"},\"thumbnailUrl\":\"https:\\\/\\\/www.pe-solution.de\\\/wp-content\\\/uploads\\\/2024\\\/06\\\/fuehrungskraefte-feedback.webp\",\"datePublished\":\"2025-09-26T09:03:09+00:00\",\"dateModified\":\"2025-12-04T08:24:41+00:00\",\"breadcrumb\":{\"@id\":\"https:\\\/\\\/www.pe-solution.de\\\/en\\\/our-services\\\/leadership-feedback\\\/#breadcrumb\"},\"inLanguage\":\"en-US\",\"potentialAction\":[{\"@type\":\"ReadAction\",\"target\":[\"https:\\\/\\\/www.pe-solution.de\\\/en\\\/our-services\\\/leadership-feedback\\\/\"]}]},{\"@type\":\"ImageObject\",\"inLanguage\":\"en-US\",\"@id\":\"https:\\\/\\\/www.pe-solution.de\\\/en\\\/our-services\\\/leadership-feedback\\\/#primaryimage\",\"url\":\"https:\\\/\\\/www.pe-solution.de\\\/wp-content\\\/uploads\\\/2024\\\/06\\\/fuehrungskraefte-feedback.webp\",\"contentUrl\":\"https:\\\/\\\/www.pe-solution.de\\\/wp-content\\\/uploads\\\/2024\\\/06\\\/fuehrungskraefte-feedback.webp\",\"width\":1920,\"height\":1080,\"caption\":\"A man stands in front of a concrete wall with his back to the camera and looks at five large, hand-drawn stars arranged in a row. Four of the stars are completely filled in, while the fifth star is incomplete. The man is wearing a light blue shirt and jeans and has dark, curly hair. His hands are resting on his hips, suggesting a pensive posture. The wall is grey and has a rough texture that emphasizes the hand-drawn style of the stars.\"},{\"@type\":\"BreadcrumbList\",\"@id\":\"https:\\\/\\\/www.pe-solution.de\\\/en\\\/our-services\\\/leadership-feedback\\\/#breadcrumb\",\"itemListElement\":[{\"@type\":\"ListItem\",\"position\":1,\"name\":\"Startseite\",\"item\":\"https:\\\/\\\/www.pe-solution.de\\\/en\\\/\"},{\"@type\":\"ListItem\",\"position\":2,\"name\":\"Our Services\",\"item\":\"https:\\\/\\\/www.pe-solution.de\\\/en\\\/our-services\\\/\"},{\"@type\":\"ListItem\",\"position\":3,\"name\":\"Leadership Feedback\"}]},{\"@type\":\"WebSite\",\"@id\":\"https:\\\/\\\/www.pe-solution.de\\\/en\\\/#website\",\"url\":\"https:\\\/\\\/www.pe-solution.de\\\/en\\\/\",\"name\":\"PE Solution\",\"description\":\"Psychologische Unternehmensberatung - Damit Menschen Gerne Arbeiten\",\"publisher\":{\"@id\":\"https:\\\/\\\/www.pe-solution.de\\\/en\\\/#organization\"},\"potentialAction\":[{\"@type\":\"SearchAction\",\"target\":{\"@type\":\"EntryPoint\",\"urlTemplate\":\"https:\\\/\\\/www.pe-solution.de\\\/en\\\/?s={search_term_string}\"},\"query-input\":{\"@type\":\"PropertyValueSpecification\",\"valueRequired\":true,\"valueName\":\"search_term_string\"}}],\"inLanguage\":\"en-US\"},{\"@type\":\"Organization\",\"@id\":\"https:\\\/\\\/www.pe-solution.de\\\/en\\\/#organization\",\"name\":\"PE Solution Dipl.-Psychologen und beratender Betriebswirt, Dr. Selck und Partner\",\"alternateName\":\"PE Solution\",\"url\":\"https:\\\/\\\/www.pe-solution.de\\\/en\\\/\",\"logo\":{\"@type\":\"ImageObject\",\"inLanguage\":\"en-US\",\"@id\":\"https:\\\/\\\/www.pe-solution.de\\\/en\\\/#\\\/schema\\\/logo\\\/image\\\/\",\"url\":\"https:\\\/\\\/www.pe-solution.de\\\/wp-content\\\/uploads\\\/2023\\\/06\\\/221010_pes_logo_zusatz_rot-grau_digital_L.png\",\"contentUrl\":\"https:\\\/\\\/www.pe-solution.de\\\/wp-content\\\/uploads\\\/2023\\\/06\\\/221010_pes_logo_zusatz_rot-grau_digital_L.png\",\"width\":1181,\"height\":328,\"caption\":\"PE Solution Dipl.-Psychologen und beratender Betriebswirt, Dr. Selck und Partner\"},\"image\":{\"@id\":\"https:\\\/\\\/www.pe-solution.de\\\/en\\\/#\\\/schema\\\/logo\\\/image\\\/\"},\"sameAs\":[\"https:\\\/\\\/www.facebook.com\\\/PE-Solution-108011344893699\\\/\",\"https:\\\/\\\/www.linkedin.com\\\/company\\\/pe-solution\\\/\",\"https:\\\/\\\/www.instagram.com\\\/pe_solution\\\/\"],\"description\":\"PE Solution ist eine psychologische Unternehmensberatung mit einem interdisziplin\u00e4ren Team. Wir unterst\u00fctzen Unternehmen bei F\u00fchrung, Zusammenarbeit, Change-Prozessen sowie Organisations- und Prozessentwicklung.\",\"email\":\"info@pe-solution.de\",\"telephone\":\"0531120456789\",\"legalName\":\"PE Solution Dipl.-Psychologen und beratender Betriebswirt, Dr. Selck und Partner\",\"vatID\":\"DE 232 366 651\",\"numberOfEmployees\":{\"@type\":\"QuantitativeValue\",\"minValue\":\"11\",\"maxValue\":\"50\"}}]}<\/script>\n<!-- \/ Yoast SEO Premium plugin. -->","yoast_head_json":{"title":"Leadership Feedback | PE Solution","robots":{"index":"index","follow":"follow","max-snippet":"max-snippet:-1","max-image-preview":"max-image-preview:large","max-video-preview":"max-video-preview:-1"},"canonical":"https:\/\/www.pe-solution.de\/en\/our-services\/leadership-feedback\/","og_locale":"en_US","og_type":"article","og_title":"Leadership Feedback","og_description":"Leadership FeedbackLeadership feedback helps managers and employees become more effective together and strengthen their collaboration.Our experience shows that this kind of multifaceted feedback is perceived by participants as appreciation and as support for their own development as leaders. Focusing on each individual\u2019s strengths has a particularly positive impact on the sustainability of their development.When is [&hellip;]","og_url":"https:\/\/www.pe-solution.de\/en\/our-services\/leadership-feedback\/","og_site_name":"PE Solution","article_publisher":"https:\/\/www.facebook.com\/PE-Solution-108011344893699\/","article_modified_time":"2025-12-04T08:24:41+00:00","og_image":[{"width":1920,"height":1080,"url":"https:\/\/www.pe-solution.de\/wp-content\/uploads\/2024\/06\/fuehrungskraefte-feedback.webp","type":"image\/webp"}],"twitter_card":"summary_large_image","twitter_misc":{"Est. reading time":"4 minutes"},"schema":{"@context":"https:\/\/schema.org","@graph":[{"@type":"WebPage","@id":"https:\/\/www.pe-solution.de\/en\/our-services\/leadership-feedback\/","url":"https:\/\/www.pe-solution.de\/en\/our-services\/leadership-feedback\/","name":"Leadership Feedback | PE Solution","isPartOf":{"@id":"https:\/\/www.pe-solution.de\/en\/#website"},"primaryImageOfPage":{"@id":"https:\/\/www.pe-solution.de\/en\/our-services\/leadership-feedback\/#primaryimage"},"image":{"@id":"https:\/\/www.pe-solution.de\/en\/our-services\/leadership-feedback\/#primaryimage"},"thumbnailUrl":"https:\/\/www.pe-solution.de\/wp-content\/uploads\/2024\/06\/fuehrungskraefte-feedback.webp","datePublished":"2025-09-26T09:03:09+00:00","dateModified":"2025-12-04T08:24:41+00:00","breadcrumb":{"@id":"https:\/\/www.pe-solution.de\/en\/our-services\/leadership-feedback\/#breadcrumb"},"inLanguage":"en-US","potentialAction":[{"@type":"ReadAction","target":["https:\/\/www.pe-solution.de\/en\/our-services\/leadership-feedback\/"]}]},{"@type":"ImageObject","inLanguage":"en-US","@id":"https:\/\/www.pe-solution.de\/en\/our-services\/leadership-feedback\/#primaryimage","url":"https:\/\/www.pe-solution.de\/wp-content\/uploads\/2024\/06\/fuehrungskraefte-feedback.webp","contentUrl":"https:\/\/www.pe-solution.de\/wp-content\/uploads\/2024\/06\/fuehrungskraefte-feedback.webp","width":1920,"height":1080,"caption":"A man stands in front of a concrete wall with his back to the camera and looks at five large, hand-drawn stars arranged in a row. Four of the stars are completely filled in, while the fifth star is incomplete. The man is wearing a light blue shirt and jeans and has dark, curly hair. His hands are resting on his hips, suggesting a pensive posture. The wall is grey and has a rough texture that emphasizes the hand-drawn style of the stars."},{"@type":"BreadcrumbList","@id":"https:\/\/www.pe-solution.de\/en\/our-services\/leadership-feedback\/#breadcrumb","itemListElement":[{"@type":"ListItem","position":1,"name":"Startseite","item":"https:\/\/www.pe-solution.de\/en\/"},{"@type":"ListItem","position":2,"name":"Our Services","item":"https:\/\/www.pe-solution.de\/en\/our-services\/"},{"@type":"ListItem","position":3,"name":"Leadership Feedback"}]},{"@type":"WebSite","@id":"https:\/\/www.pe-solution.de\/en\/#website","url":"https:\/\/www.pe-solution.de\/en\/","name":"PE Solution","description":"Psychologische Unternehmensberatung - Damit Menschen Gerne Arbeiten","publisher":{"@id":"https:\/\/www.pe-solution.de\/en\/#organization"},"potentialAction":[{"@type":"SearchAction","target":{"@type":"EntryPoint","urlTemplate":"https:\/\/www.pe-solution.de\/en\/?s={search_term_string}"},"query-input":{"@type":"PropertyValueSpecification","valueRequired":true,"valueName":"search_term_string"}}],"inLanguage":"en-US"},{"@type":"Organization","@id":"https:\/\/www.pe-solution.de\/en\/#organization","name":"PE Solution Dipl.-Psychologen und beratender Betriebswirt, Dr. Selck und Partner","alternateName":"PE Solution","url":"https:\/\/www.pe-solution.de\/en\/","logo":{"@type":"ImageObject","inLanguage":"en-US","@id":"https:\/\/www.pe-solution.de\/en\/#\/schema\/logo\/image\/","url":"https:\/\/www.pe-solution.de\/wp-content\/uploads\/2023\/06\/221010_pes_logo_zusatz_rot-grau_digital_L.png","contentUrl":"https:\/\/www.pe-solution.de\/wp-content\/uploads\/2023\/06\/221010_pes_logo_zusatz_rot-grau_digital_L.png","width":1181,"height":328,"caption":"PE Solution Dipl.-Psychologen und beratender Betriebswirt, Dr. Selck und Partner"},"image":{"@id":"https:\/\/www.pe-solution.de\/en\/#\/schema\/logo\/image\/"},"sameAs":["https:\/\/www.facebook.com\/PE-Solution-108011344893699\/","https:\/\/www.linkedin.com\/company\/pe-solution\/","https:\/\/www.instagram.com\/pe_solution\/"],"description":"PE Solution ist eine psychologische Unternehmensberatung mit einem interdisziplin\u00e4ren Team. Wir unterst\u00fctzen Unternehmen bei F\u00fchrung, Zusammenarbeit, Change-Prozessen sowie Organisations- und Prozessentwicklung.","email":"info@pe-solution.de","telephone":"0531120456789","legalName":"PE Solution Dipl.-Psychologen und beratender Betriebswirt, Dr. Selck und Partner","vatID":"DE 232 366 651","numberOfEmployees":{"@type":"QuantitativeValue","minValue":"11","maxValue":"50"}}]}},"_links":{"self":[{"href":"https:\/\/www.pe-solution.de\/en\/wp-json\/wp\/v2\/pages\/17175","targetHints":{"allow":["GET"]}}],"collection":[{"href":"https:\/\/www.pe-solution.de\/en\/wp-json\/wp\/v2\/pages"}],"about":[{"href":"https:\/\/www.pe-solution.de\/en\/wp-json\/wp\/v2\/types\/page"}],"author":[{"embeddable":true,"href":"https:\/\/www.pe-solution.de\/en\/wp-json\/wp\/v2\/users\/2"}],"replies":[{"embeddable":true,"href":"https:\/\/www.pe-solution.de\/en\/wp-json\/wp\/v2\/comments?post=17175"}],"version-history":[{"count":0,"href":"https:\/\/www.pe-solution.de\/en\/wp-json\/wp\/v2\/pages\/17175\/revisions"}],"up":[{"embeddable":true,"href":"https:\/\/www.pe-solution.de\/en\/wp-json\/wp\/v2\/pages\/16730"}],"wp:featuredmedia":[{"embeddable":true,"href":"https:\/\/www.pe-solution.de\/en\/wp-json\/wp\/v2\/media\/15485"}],"wp:attachment":[{"href":"https:\/\/www.pe-solution.de\/en\/wp-json\/wp\/v2\/media?parent=17175"}],"curies":[{"name":"wp","href":"https:\/\/api.w.org\/{rel}","templated":true}]}}